{"id":1020,"date":"2021-03-21T12:02:15","date_gmt":"2021-03-21T12:02:15","guid":{"rendered":"https:\/\/brixel.radiantthemes.com\/?page_id=1020"},"modified":"2023-02-27T09:11:35","modified_gmt":"2023-02-27T09:11:35","slug":"career","status":"publish","type":"page","link":"https:\/\/tanksilo.com\/es\/career\/","title":{"rendered":"Carrera en TankSilo"},"content":{"rendered":"<div data-vc-full-width=\"true\" data-vc-full-width-init=\"false\" class=\"vc_row wpb_row vc_row-fluid vc_custom_1650969019894 vc_row-has-fill\"><div class=\"wpb_column vc_column_container vc_col-sm-12\"><div class=\"vc_column-inner vc_custom_1650969087888\"><div class=\"wpb_wrapper\"><h1 style=\"font-size: 35px;line-height: 45px;text-align: center\" class=\"vc_custom_heading font-weight-bold\" >Nuestro equipo es nuestro mayor activo (actualmente no estamos contratando)<\/h1><\/div><\/div><\/div><\/div><div class=\"vc_row-full-width vc_clearfix\"><\/div><div data-vc-full-width=\"true\" data-vc-full-width-init=\"false\" class=\"vc_row wpb_row vc_row-fluid vc_custom_1650969036317\"><div class=\"wpb_column vc_column_container vc_col-sm-6\"><div class=\"vc_column-inner vc_custom_1650969202865\"><div class=\"wpb_wrapper\"><div style=\"font-size: 16px;color: #171c30;line-height: 28PX;text-align: left\" class=\"vc_custom_heading font-weight-medium vc_custom_1648563041898\" >Puestos disponibles actualmente en TankSilo Company<\/div>\n\t<div class=\"wpb_text_column wpb_content_element\" >\n\t\t<div class=\"wpb_wrapper\">\n\t\t\t<p>\u00danase a nosotros: Si aspira a formar parte de un equipo l\u00edder en el sector del montaje y la construcci\u00f3n de cisternas y silos, ofrecemos puestos a expertos de distintos niveles. Nuestra lista de puestos disponibles, a continuaci\u00f3n, contiene m\u00e1s informaci\u00f3n sobre los tipos de operarios excepcionales que buscamos.<\/p>\n<p>&nbsp;<\/p>\n<p>- Tripulante de montaje de tanques y silos atornillados (actualmente no est\u00e1 contratado)<\/p>\n<p>- Supervisor de obras de construcci\u00f3n de tanques y silos (actualmente no hay contrataciones)<\/p>\n<p>- Ayudante de obra (actualmente no est\u00e1 contratado)<\/p>\n\n\t\t<\/div>\n\t<\/div>\n<\/div><\/div><\/div><div class=\"wpb_column vc_column_container vc_col-sm-6\"><div class=\"vc_column-inner vc_custom_1650626374698\"><div class=\"wpb_wrapper\"><div id=\"\" class=\"rt-popup-video element-one\" data-popup-video-align=\"center\"><div class=\"holder\"><div class=\"icon\"><a class=\"video-link\" href=\"https:\/\/youtu.be\/i_ouIEEdyu0\"><img width=\"1536\" height=\"1103\" src=\"https:\/\/tanksilo.com\/wp-content\/uploads\/2022\/04\/tanksilo_image228-1.jpg\"  alt=\"\" decoding=\"async\" srcset=\"https:\/\/tanksilo.com\/wp-content\/uploads\/2022\/04\/tanksilo_image228-1.jpg 1536w, https:\/\/tanksilo.com\/wp-content\/uploads\/2022\/04\/tanksilo_image228-1-300x215.jpg 300w, https:\/\/tanksilo.com\/wp-content\/uploads\/2022\/04\/tanksilo_image228-1-1024x735.jpg 1024w, https:\/\/tanksilo.com\/wp-content\/uploads\/2022\/04\/tanksilo_image228-1-768x552.jpg 768w, https:\/\/tanksilo.com\/wp-content\/uploads\/2022\/04\/tanksilo_image228-1-500x359.jpg 500w, https:\/\/tanksilo.com\/wp-content\/uploads\/2022\/04\/tanksilo_image228-1-800x574.jpg 800w, https:\/\/tanksilo.com\/wp-content\/uploads\/2022\/04\/tanksilo_image228-1-1280x919.jpg 1280w, https:\/\/tanksilo.com\/wp-content\/uploads\/2022\/04\/tanksilo_image228-1-600x431.jpg 600w\" sizes=\"(max-width: 1536px) 100vw, 1536px\" class=\"attachment-full size-full no-lazyload\" \/><\/a><\/div><\/div><\/div><\/div><\/div><\/div><\/div><div class=\"vc_row-full-width vc_clearfix\"><\/div><div data-vc-full-width=\"true\" data-vc-full-width-init=\"false\" class=\"vc_row wpb_row vc_row-fluid vc_custom_1650626317768 vc_row-has-fill\"><div class=\"wpb_column vc_column_container vc_col-sm-12\"><div class=\"vc_column-inner vc_custom_1647469941970\"><div class=\"wpb_wrapper\"><h1 style=\"font-size: 35px;line-height: 45px;text-align: left\" class=\"vc_custom_heading font-weight-bold vc_custom_1648562318683\" >Salud y seguridad<\/h1><div style=\"font-size: 18px;line-height: 28px;text-align: left\" class=\"vc_custom_heading font-weight-bold vc_custom_1650626014245\" >Nos tomamos muy en serio la salud y la seguridad de nuestros trabajadores. El montaje e instalaci\u00f3n de tanques y silos no es una tarea sencilla, por lo que insistimos en que se sigan al pie de la letra todas las precauciones para mantener un lugar de trabajo seguro. Todos nuestros trabajadores est\u00e1n totalmente asegurados, han recibido formaci\u00f3n y cuentan con experiencia en materia de salud y seguridad, y comparten nuestra pasi\u00f3n por el cumplimiento de las normas.<\/div>\n\t<div class=\"wpb_text_column wpb_content_element  vc_custom_1650626023819\" >\n\t\t<div class=\"wpb_wrapper\">\n\t\t\t<p>El personal de TankSilo no s\u00f3lo es experimentado, h\u00e1bil y trabajador, sino que tambi\u00e9n est\u00e1 muy bien cualificado. El conjunto de certificaciones relevantes que cada operador posee demuestra su nivel de habilidad en los procesos de montaje, instalaci\u00f3n y construcci\u00f3n de tanques y silos. TankSilo mantiene la transparencia durante todo el proceso de ejecuci\u00f3n del proyecto, por lo que nuestras certificaciones est\u00e1n siempre disponibles para nuestros clientes. Hemos trabajado duro para conseguir estas calificaciones, as\u00ed que si quiere verlas, \u00a1estaremos encantados de mostrarlas!<\/p>\n\n\t\t<\/div>\n\t<\/div>\n<div class=\"vc_row wpb_row vc_inner vc_row-fluid vc_custom_1647940736549\"><div class=\"wpb_column vc_column_container vc_col-sm-6\"><div class=\"vc_column-inner vc_custom_1650634894609\"><div class=\"wpb_wrapper\"><div id=\"\" class=\"rt-popup-video element-one\" data-popup-video-align=\"center\"><div class=\"holder\"><div class=\"icon\"><a class=\"video-link\" href=\"https:\/\/youtu.be\/xtCcOrIUOrg\"><img width=\"1788\" height=\"1284\" src=\"https:\/\/tanksilo.com\/wp-content\/uploads\/2022\/03\/tanksilo_image43.jpg\"  alt=\"\" decoding=\"async\" srcset=\"https:\/\/tanksilo.com\/wp-content\/uploads\/2022\/03\/tanksilo_image43.jpg 1788w, https:\/\/tanksilo.com\/wp-content\/uploads\/2022\/03\/tanksilo_image43-300x215.jpg 300w, https:\/\/tanksilo.com\/wp-content\/uploads\/2022\/03\/tanksilo_image43-1024x735.jpg 1024w, https:\/\/tanksilo.com\/wp-content\/uploads\/2022\/03\/tanksilo_image43-768x552.jpg 768w, https:\/\/tanksilo.com\/wp-content\/uploads\/2022\/03\/tanksilo_image43-1536x1103.jpg 1536w, https:\/\/tanksilo.com\/wp-content\/uploads\/2022\/03\/tanksilo_image43-600x431.jpg 600w\" sizes=\"(max-width: 1788px) 100vw, 1788px\" class=\"attachment-full size-full no-lazyload\" \/><\/a><\/div><\/div><\/div><\/div><\/div><\/div><div class=\"wpb_column vc_column_container vc_col-sm-6\"><div class=\"vc_column-inner vc_custom_1648563603724\"><div class=\"wpb_wrapper\">\n\t<div class=\"wpb_text_column wpb_content_element\" >\n\t\t<div class=\"wpb_wrapper\">\n\t\t\t<p>La infinita experiencia de nuestro equipo de profesionales es un punto de orgullo en TankSilo, pero no podemos ser est\u00e1ticos en este sentido. Por ello, trabajamos constantemente en nuestros conocimientos y habilidades a trav\u00e9s de la formaci\u00f3n, las nuevas certificaciones y el desarrollo. La lista de certificaciones que presentamos a continuaci\u00f3n da fe de que nuestros trabajadores est\u00e1n bien formados, siempre mejorando, y a la vanguardia de los protocolos de la industria.<\/p>\n\n\t\t<\/div>\n\t<\/div>\n\r<!-- list -->\r<div class=\"rt-list rtcbcb94ae-dccb-7 element-five    vc_custom_1648563521881\" ><p>\n<ul>\n<li>Certificados de seguridad y salud en el trabajo<\/li>\n<li>Certificados para la formaci\u00f3n de los supervisores de High-scaler<\/li>\n<li>Operadores de plataformas elevadoras certificados<\/li>\n<li>Competencia adquirida para trabajar como colgador de cargas<\/li>\n<li>Certificado para instalar andamios<\/li>\n<li>Competencia adquirida para trabajar como conductor de carretillas elevadoras<\/li>\n<\/ul>\n<\/p><\/div>\r<!-- list -->\r<\/div><\/div><\/div><\/div><\/div><\/div><\/div><\/div><div class=\"vc_row-full-width vc_clearfix\"><\/div><div data-vc-full-width=\"true\" data-vc-full-width-init=\"false\" data-vc-stretch-content=\"true\" data-vc-parallax=\"2.0\" data-vc-parallax-image=\"https:\/\/www.youtube.com\/watch?v=wb5s2VpzwF4\" class=\"vc_row wpb_row vc_row-fluid vc_custom_1648564019375 vc_row-has-fill vc_row-no-padding vc_video-bg-container vc_general vc_parallax vc_parallax-content-moving\"><div class=\"wpb_column vc_column_container vc_col-sm-6 vc_col-lg-3 vc_col-md-3 vc_col-xs-12 vc_col-has-fill\"><div class=\"vc_column-inner vc_custom_1648564099860\"><div class=\"wpb_wrapper\"><div class=\"vc_icon_element vc_icon_element-outer vc_custom_1649445957725 vc_icon_element-align-center\"><div class=\"vc_icon_element-inner vc_icon_element-color-white vc_icon_element-size-lg vc_icon_element-style- vc_icon_element-background-color-grey\" ><span class=\"vc_icon_element-icon vc-oi vc-oi-cog\" ><\/span><\/div><\/div><div style=\"text-align:center;font-size:45px;line-height:45px;color:#ffffff;\" class=\"rt-counterup element-one\"  data-counterup-delay=\"100\" data-counterup-time=\"1000\">14<\/div><h3 style=\"font-size: 16px;color: #ffffff;line-height: 30px;text-align: center\" class=\"vc_custom_heading vc_custom_1648565078186\" >A\u00d1OS DE EXPERIENCIA<\/h3><\/div><\/div><\/div><div class=\"wpb_column vc_column_container vc_col-sm-6 vc_col-lg-3 vc_col-md-3 vc_col-xs-12 vc_col-has-fill\"><div class=\"vc_column-inner vc_custom_1522480197697\"><div class=\"wpb_wrapper\"><div class=\"vc_icon_element vc_icon_element-outer vc_custom_1649446100815 vc_icon_element-align-center\"><div class=\"vc_icon_element-inner vc_icon_element-color-white vc_icon_element-size-lg vc_icon_element-style- vc_icon_element-background-color-grey\" ><span class=\"vc_icon_element-icon vc-oi vc-oi-ok\" ><\/span><\/div><\/div><div style=\"text-align:center;font-size:45px;line-height:45px;color:#ffffff;\" class=\"rt-counterup element-one\"  data-counterup-delay=\"100\" data-counterup-time=\"1000\">103<\/div><h3 style=\"font-size: 16px;color: #ffffff;line-height: 30px;text-align: center\" class=\"vc_custom_heading vc_custom_1648565118510\" >PROYECTOS TERMINADOS<\/h3><\/div><\/div><\/div><div class=\"wpb_column vc_column_container vc_col-sm-6 vc_col-lg-3 vc_col-md-3 vc_col-xs-12 vc_col-has-fill\"><div class=\"vc_column-inner vc_custom_1522480209971\"><div class=\"wpb_wrapper\"><div class=\"vc_icon_element vc_icon_element-outer vc_custom_1649446200363 vc_icon_element-align-center\"><div class=\"vc_icon_element-inner vc_icon_element-color-white vc_icon_element-size-lg vc_icon_element-style- vc_icon_element-background-color-grey\" ><span class=\"vc_icon_element-icon vc-oi vc-oi-wrench\" ><\/span><\/div><\/div><div style=\"text-align:center;font-size:45px;line-height:45px;color:#ffffff;\" class=\"rt-counterup element-one\"  data-counterup-delay=\"100\" data-counterup-time=\"1000\">7<\/div><h3 style=\"font-size: 16px;color: #ffffff;line-height: 30px;text-align: center\" class=\"vc_custom_heading vc_custom_1648565156816\" >EQUIPOS DE MONTAJE<\/h3><\/div><\/div><\/div><div class=\"wpb_column vc_column_container vc_col-sm-6 vc_col-lg-3 vc_col-md-3 vc_col-xs-12 vc_col-has-fill\"><div class=\"vc_column-inner vc_custom_1522480221764\"><div class=\"wpb_wrapper\"><div class=\"vc_icon_element vc_icon_element-outer vc_custom_1649446168737 vc_icon_element-align-center\"><div class=\"vc_icon_element-inner vc_icon_element-color-white vc_icon_element-size-lg vc_icon_element-style- vc_icon_element-background-color-grey\" ><span class=\"vc_icon_element-icon vc-oi vc-oi-location\" ><\/span><\/div><\/div><div style=\"text-align:center;font-size:45px;line-height:45px;color:#ffffff;\" class=\"rt-counterup element-one\"  data-counterup-delay=\"100\" data-counterup-time=\"1000\">21<\/div><h3 style=\"font-size: 16px;color: #ffffff;line-height: 30px;text-align: center\" class=\"vc_custom_heading vc_custom_1648564426775\" >PA\u00cdSES<\/h3><\/div><\/div><\/div><\/div><div class=\"vc_row-full-width vc_clearfix\"><\/div><div class=\"vc_row wpb_row vc_row-fluid vc_custom_1647940898548\"><div class=\"wpb_column vc_column_container vc_col-sm-12\"><div class=\"vc_column-inner\"><div class=\"wpb_wrapper\"><div class=\"vc_row wpb_row vc_inner vc_row-fluid\"><div class=\"wpb_column vc_column_container vc_col-sm-12\"><div class=\"vc_column-inner\"><div class=\"wpb_wrapper\"><h1 style=\"font-size: 35px;line-height: 45px;text-align: center\" class=\"vc_custom_heading font-weight-bold vc_custom_1649877666438\" >Preguntas frecuentes sobre el proceso TankSilo<\/h1><\/div><\/div><\/div><\/div><div class=\"rt-accordion element-six\"  ><div class=\"rt-accordion-item\"><div class=\"rt-accordion-item-title\"><h4 class=\"panel-title\">\u00bfCu\u00e1les son las prioridades de TankSilo?<\/h4><div class=\"rt-accordion-item-title-icon\"><div class=\"symbol\"><\/div><\/div><\/div><div class=\"rt-accordion-item-body\">Desde el punto de vista del montaje, somos constructores de tanques y silos especializados en plantas de energ\u00eda renovable, tanques ecol\u00f3gicos, silos agr\u00edcolas, tanques de biog\u00e1s, silos de secado y tanques de almacenamiento. Tambi\u00e9n dise\u00f1amos nuestros procesos de montaje y construcci\u00f3n con un enfoque consciente de la sostenibilidad, minimizando su impacto medioambiental.<\/div><\/div><div class=\"rt-accordion-item\"><div class=\"rt-accordion-item-title\"><h4 class=\"panel-title\">\u00bfProporciona TankSilo un servicio de inspecci\u00f3n?<\/h4><div class=\"rt-accordion-item-title-icon\"><div class=\"symbol\"><\/div><\/div><\/div><div class=\"rt-accordion-item-body\">En pocas palabras: s\u00ed. Una vez que nuestros t\u00e9cnicos llegan a sus instalaciones, diagnostican y resuelven los problemas inmediatamente. Las relaciones con los clientes lo son todo para nosotros, por lo que todos nuestros servicios, desde la construcci\u00f3n hasta la renovaci\u00f3n y la inspecci\u00f3n, se llevan a cabo con el objetivo final de la satisfacci\u00f3n del cliente en primer plano.<\/div><\/div><div class=\"rt-accordion-item\"><div class=\"rt-accordion-item-title\"><h4 class=\"panel-title\">\u00bfSigue TankSilo la Organizaci\u00f3n Internacional de Normalizaci\u00f3n?<\/h4><div class=\"rt-accordion-item-title-icon\"><div class=\"symbol\"><\/div><\/div><\/div><div class=\"rt-accordion-item-body\">Nos esforzamos continuamente por mejorar nuestros procesos empresariales, por lo que implantamos certificaciones ISO en toda nuestra organizaci\u00f3n. Esto tiene un doble prop\u00f3sito: por un lado, ayudar a nuestro negocio a crecer y, por otro, garantizar que cumplimos los requisitos de cada cliente exactamente como se requiere. Adem\u00e1s, nuestros equipos de montaje trabajan con normas t\u00e9cnicas muy exigentes, lo que garantiza que siempre puedan guiar a los clientes a trav\u00e9s de los procesos de montaje, construcci\u00f3n e instalaci\u00f3n.<\/div><\/div><div class=\"rt-accordion-item\"><div class=\"rt-accordion-item-title\"><h4 class=\"panel-title\">\u00bfCu\u00e1les son los puntos fuertes del equipo de construcci\u00f3n de TankSilo?<\/h4><div class=\"rt-accordion-item-title-icon\"><div class=\"symbol\"><\/div><\/div><\/div><div class=\"rt-accordion-item-body\">Nuestra mezcla distintiva de experiencia, especialistas altamente cualificados y herramientas y tecnolog\u00edas de vanguardia garantizan que ofrecemos la soluci\u00f3n \u00f3ptima para cada cliente. La novedad de TankSilo, sin embargo, es que somos capaces de desplegar estas habilidades en cualquier parte del mundo debido a nuestra familiaridad con las condiciones y requisitos espec\u00edficos de cada pa\u00eds.<\/div><\/div><div class=\"rt-accordion-item\"><div class=\"rt-accordion-item-title\"><h4 class=\"panel-title\">\u00bfRealiza TankSilo pruebas y ofrece garant\u00edas?<\/h4><div class=\"rt-accordion-item-title-icon\"><div class=\"symbol\"><\/div><\/div><\/div><div class=\"rt-accordion-item-body\">\n<div class=\"page\" title=\"P\u00e1gina 5\">\n<div class=\"section\">\n<div class=\"layoutArea\">\n<div class=\"column\">\n<p>El montaje de los dep\u00f3sitos requiere precisi\u00f3n y el cumplimiento de los requisitos tecnol\u00f3gicos para superar las pruebas con una precisi\u00f3n de 100%. Somos muy conscientes de estos requisitos y de la necesidad de cumplirlos con exactitud, por lo que insistimos en que nuestros procesos de construcci\u00f3n hacen hincapi\u00e9 en la calidad en todo momento. En todos los a\u00f1os transcurridos desde nuestra creaci\u00f3n, nuestras soluciones no han suspendido ni una sola vez una prueba de calidad, lo que demuestra que los est\u00e1ndares que establecemos se mantienen siempre.<\/p>\n<\/div>\n<\/div>\n<\/div>\n<\/div>\n<\/div><\/div><\/div><\/div><\/div><\/div><\/div>","protected":false},"excerpt":{"rendered":"Nuestro equipo es nuestro mayor activo (Actualmente no estamos contratando)Puestos disponibles actualmente en TankSilo Company \u00danase a nosotros: Si aspiras a formar parte de un equipo l\u00edder en la industria del montaje y construcci\u00f3n de tanques y silos, ofrecemos puestos a expertos de varios niveles. Nuestra lista de puestos disponibles, a continuaci\u00f3n, contiene m\u00e1s informaci\u00f3n sobre los tipos de [...]","protected":false},"author":1,"featured_media":0,"parent":0,"menu_order":0,"comment_status":"closed","ping_status":"closed","template":"","meta":{"_vp_format_video_url":"","_vp_image_focal_point":[]},"_links":{"self":[{"href":"https:\/\/tanksilo.com\/es\/wp-json\/wp\/v2\/pages\/1020"}],"collection":[{"href":"https:\/\/tanksilo.com\/es\/wp-json\/wp\/v2\/pages"}],"about":[{"href":"https:\/\/tanksilo.com\/es\/wp-json\/wp\/v2\/types\/page"}],"author":[{"embeddable":true,"href":"https:\/\/tanksilo.com\/es\/wp-json\/wp\/v2\/users\/1"}],"replies":[{"embeddable":true,"href":"https:\/\/tanksilo.com\/es\/wp-json\/wp\/v2\/comments?post=1020"}],"version-history":[{"count":60,"href":"https:\/\/tanksilo.com\/es\/wp-json\/wp\/v2\/pages\/1020\/revisions"}],"predecessor-version":[{"id":5149,"href":"https:\/\/tanksilo.com\/es\/wp-json\/wp\/v2\/pages\/1020\/revisions\/5149"}],"wp:attachment":[{"href":"https:\/\/tanksilo.com\/es\/wp-json\/wp\/v2\/media?parent=1020"}],"curies":[{"name":"wp","href":"https:\/\/api.w.org\/{rel}","templated":true}]}}