{"id":2631,"date":"2021-04-06T11:02:27","date_gmt":"2021-04-06T11:02:27","guid":{"rendered":"https:\/\/brixel.radiantthemes.com\/?page_id=2631"},"modified":"2022-09-30T11:19:01","modified_gmt":"2022-09-30T11:19:01","slug":"company","status":"publish","type":"page","link":"https:\/\/tanksilo.com\/es\/company\/","title":{"rendered":"Empresa TankSilo"},"content":{"rendered":"<div class=\"vc_row wpb_row vc_row-fluid vc_custom_1650484471241 vc_column-gap-10\"><div class=\"wpb_column vc_column_container vc_col-sm-12 vc_col-has-fill\"><div class=\"vc_column-inner vc_custom_1522754688404\"><div class=\"wpb_wrapper\"><h1 style=\"font-size: 35px;text-align: center\" class=\"vc_custom_heading vc_custom_1650973389080\" >La visi\u00f3n de TankSilo<\/h1>\n\t<div class=\"wpb_text_column wpb_content_element\" >\n\t\t<div class=\"wpb_wrapper\">\n\t\t\t<p style=\"text-align: center;\">Nuestra visi\u00f3n es sencilla: aspiramos a que nuestras soluciones de cisternas y silos mejoren la fabricaci\u00f3n y la agricultura para bien. Estas industrias dependen de soluciones funcionales y de alta calidad que funcionen en el presente y que perduren en el futuro. La fiabilidad de nuestros proyectos permite que las empresas crezcan, y en TankSilo nos esforzamos por crecer junto a ellas. Para poder alcanzar nuestra visi\u00f3n, nuestro equipo est\u00e1 compuesto \u00fanicamente por los profesionales m\u00e1s cualificados, altamente formados y certificados. Sin embargo, esta obsesi\u00f3n por la calidad de nuestro personal no termina cuando entran en el edificio. Formamos y desarrollamos a nuestros profesionales a lo largo de su carrera con nosotros para garantizar su mejora continua y la evoluci\u00f3n constante de nuestro servicio.<\/p>\n\n\t\t<\/div>\n\t<\/div>\n<\/div><\/div><\/div><\/div><div class=\"vc_row wpb_row vc_row-fluid vc_custom_1648547423756 vc_row-o-equal-height vc_row-o-content-middle vc_row-flex\"><div class=\"wpb_column vc_column_container vc_col-sm-6 vc_col-has-fill\"><div class=\"vc_column-inner vc_custom_1662414268506\"><div class=\"wpb_wrapper\">\n\t<div  class=\"wpb_single_image wpb_content_element vc_align_left  vc_custom_1662414254030  hidden-lg hidden-md hidden-sm visible-xs\">\n\t\t\n\t\t<figure class=\"wpb_wrapper vc_figure\">\n\t\t\t<div class=\"vc_single_image-wrapper   vc_box_border_grey\"><img width=\"1782\" height=\"1295\" src=\"https:\/\/tanksilo.com\/wp-content\/uploads\/2022\/09\/tanksilo_company16upd.jpg\"  alt=\"\" decoding=\"async\" title=\"tanksilo_company16upd\" srcset=\"https:\/\/tanksilo.com\/wp-content\/uploads\/2022\/09\/tanksilo_company16upd.jpg 1782w, https:\/\/tanksilo.com\/wp-content\/uploads\/2022\/09\/tanksilo_company16upd-300x218.jpg 300w, https:\/\/tanksilo.com\/wp-content\/uploads\/2022\/09\/tanksilo_company16upd-1024x744.jpg 1024w, https:\/\/tanksilo.com\/wp-content\/uploads\/2022\/09\/tanksilo_company16upd-768x558.jpg 768w, https:\/\/tanksilo.com\/wp-content\/uploads\/2022\/09\/tanksilo_company16upd-1536x1116.jpg 1536w, https:\/\/tanksilo.com\/wp-content\/uploads\/2022\/09\/tanksilo_company16upd-18x12.jpg 18w, https:\/\/tanksilo.com\/wp-content\/uploads\/2022\/09\/tanksilo_company16upd-500x363.jpg 500w, https:\/\/tanksilo.com\/wp-content\/uploads\/2022\/09\/tanksilo_company16upd-800x581.jpg 800w, https:\/\/tanksilo.com\/wp-content\/uploads\/2022\/09\/tanksilo_company16upd-1280x930.jpg 1280w\" sizes=\"(max-width: 1782px) 100vw, 1782px\" class=\"vc_single_image-img attachment-full no-lazyload\" \/><\/div>\n\t\t<\/figure>\n\t<\/div>\n<\/div><\/div><\/div><div class=\"wpb_column vc_column_container vc_col-sm-6 vc_col-has-fill\"><div class=\"vc_column-inner vc_custom_1648546399315\"><div class=\"wpb_wrapper\"><h2 style=\"font-size: 35px;line-height: 45px;text-align: left\" class=\"vc_custom_heading\" >Gytis Keru\u0161auskas<br \/>\nFundador y Director General<\/h2><p style=\"text-align: left\" class=\"vc_custom_heading vc_custom_1650623044724\" >Formo parte de la industria de cisternas y silos desde 2008. Mi primera participaci\u00f3n fue como ayudante, pero a medida que fui ganando experiencia me ascendieron r\u00e1pidamente y desde entonces he trabajado en todos los niveles de la plantilla: desde ayudante, pasando por montador, luego jefe de equipo y finalmente supervisor. Finalmente, me encontr\u00e9 a cargo de proyectos enteros, que fue cuando cre\u00e9 TankSilo. A lo largo de mi carrera, he trabajado en muchos pa\u00edses y con una gran cantidad de tecnolog\u00edas. Siempre es un placer compartir este caudal de experiencia con nuevos clientes, y estoy deseando encontrar soluciones para cada proyecto \u00fanico.<\/p>\r<!-- radiantthemes-button -->\r<div class=\"radiantthemes-button hover-style-one\"  data-button-direction=\"left\" data-button-fullwidth=\"false\" ><a style=\"\" class=\"radiantthemes-button-main\" href=\"http:\/\/tanksilo.com\/services\/\"  title=\"\" target=\"_self\"><div class=\"placeholder\">NUESTROS SERVICIOS<\/div><\/a><\/div>\r<!-- radiantthemes-button -->\r<\/div><\/div><\/div><\/div><div class=\"vc_row wpb_row vc_row-fluid vc_custom_1522816034812 vc_row-o-equal-height vc_row-o-content-middle vc_row-flex\"><div class=\"wpb_column vc_column_container vc_col-sm-6 vc_col-has-fill\"><div class=\"vc_column-inner vc_custom_1522816514976\"><div class=\"wpb_wrapper\"><h2 style=\"font-size: 35px;line-height: 45px;text-align: left\" class=\"vc_custom_heading\" >Nuestro equipo es<br \/>\nNuestro mayor activo<\/h2><div class=\"vc_row wpb_row vc_inner vc_row-fluid hover-icon vc_custom_1522819181239\"><div class=\"wpb_column vc_column_container vc_col-sm-2\"><div class=\"vc_column-inner\"><div class=\"wpb_wrapper\">\n\t<div  class=\"wpb_single_image wpb_content_element vc_align_left  vc_custom_1651133315934\">\n\t\t\n\t\t<figure class=\"wpb_wrapper vc_figure\">\n\t\t\t<div class=\"vc_single_image-wrapper   vc_box_border_grey\"><img width=\"62\" height=\"46\" src=\"https:\/\/tanksilo.com\/wp-content\/uploads\/2022\/04\/tanksilo_icon7.png\"  alt=\"\" decoding=\"async\" title=\"tanksilo_icon7\" class=\"vc_single_image-img attachment-full no-lazyload\" \/><\/div>\n\t\t<\/figure>\n\t<\/div>\n<\/div><\/div><\/div><div class=\"wpb_column vc_column_container vc_col-sm-10\"><div class=\"vc_column-inner\"><div class=\"wpb_wrapper\"><h6 style=\"font-size: 18px;line-height: 23px;text-align: left\" class=\"vc_custom_heading\" >Atenci\u00f3n a los detalles<\/h6><p style=\"text-align: left\" class=\"vc_custom_heading vc_custom_1650623063521\" >Independientemente del tama\u00f1o o el alcance de su proyecto, siempre empleamos nuestra fastidiosa atenci\u00f3n al detalle y nuestra obsesi\u00f3n por la calidad. De principio a fin, cada aspecto de su proyecto es manejado por nuestros experimentados especialistas, garantizando que cada tarea individual tenga un profesional altamente capacitado como responsable.<\/p><\/div><\/div><\/div><\/div><div class=\"vc_row wpb_row vc_inner vc_row-fluid hover-icon vc_custom_1522819195542\"><div class=\"wpb_column vc_column_container vc_col-sm-2\"><div class=\"vc_column-inner\"><div class=\"wpb_wrapper\">\n\t<div  class=\"wpb_single_image wpb_content_element vc_align_left  vc_custom_1651133331138\">\n\t\t\n\t\t<figure class=\"wpb_wrapper vc_figure\">\n\t\t\t<div class=\"vc_single_image-wrapper   vc_box_border_grey\"><img width=\"62\" height=\"46\" src=\"https:\/\/tanksilo.com\/wp-content\/uploads\/2022\/04\/tanksilo_icon8.png\"  alt=\"\" decoding=\"async\" title=\"tanksilo_icon8\" class=\"vc_single_image-img attachment-full no-lazyload\" \/><\/div>\n\t\t<\/figure>\n\t<\/div>\n<\/div><\/div><\/div><div class=\"wpb_column vc_column_container vc_col-sm-10\"><div class=\"vc_column-inner\"><div class=\"wpb_wrapper\"><h6 style=\"font-size: 18px;line-height: 23px;text-align: left\" class=\"vc_custom_heading\" >Calidad en todos los proyectos<\/h6><p style=\"text-align: left\" class=\"vc_custom_heading vc_custom_1650623085971\" >Nuestro equipo de montaje e instalaci\u00f3n se encarga de todos los aspectos de cada proyecto de forma decidida, profesional y muy eficaz.<\/p><\/div><\/div><\/div><\/div><div class=\"vc_row wpb_row vc_inner vc_row-fluid hover-icon vc_custom_1522819209311\"><div class=\"wpb_column vc_column_container vc_col-sm-2\"><div class=\"vc_column-inner\"><div class=\"wpb_wrapper\">\n\t<div  class=\"wpb_single_image wpb_content_element vc_align_left  vc_custom_1651133436839\">\n\t\t\n\t\t<figure class=\"wpb_wrapper vc_figure\">\n\t\t\t<div class=\"vc_single_image-wrapper   vc_box_border_grey\"><img width=\"62\" height=\"46\" src=\"https:\/\/tanksilo.com\/wp-content\/uploads\/2022\/04\/tanksilo_icon10.png\"  alt=\"\" decoding=\"async\" title=\"icono_de_tanques10\" class=\"vc_single_image-img attachment-full no-lazyload\" \/><\/div>\n\t\t<\/figure>\n\t<\/div>\n<\/div><\/div><\/div><div class=\"wpb_column vc_column_container vc_col-sm-10\"><div class=\"vc_column-inner\"><div class=\"wpb_wrapper\"><h6 style=\"font-size: 18px;line-height: 23px;text-align: left\" class=\"vc_custom_heading\" >Profesionales con experiencia<\/h6><p style=\"text-align: left\" class=\"vc_custom_heading vc_custom_1650623108669\" >Todos y cada uno de los elementos de cualquier proyecto industrial o comercial del que formamos parte implican el trabajo de algunos de los profesionales m\u00e1s experimentados y dedicados del sector.<\/p><\/div><\/div><\/div><\/div><\/div><\/div><\/div><div class=\"wpb_column vc_column_container vc_col-sm-6 vc_col-has-fill\"><div class=\"vc_column-inner vc_custom_1662414852487\"><div class=\"wpb_wrapper\"><\/div><\/div><\/div><\/div><div class=\"vc_row wpb_row vc_row-fluid vc_custom_1522816034812 vc_row-o-equal-height vc_row-o-content-middle vc_row-flex\"><div class=\"wpb_column vc_column_container vc_col-sm-4 vc_col-has-fill\"><div class=\"vc_column-inner vc_custom_1649152383325\"><div class=\"wpb_wrapper\">\n\t<div  class=\"wpb_single_image wpb_content_element vc_align_left  vc_custom_1649152371357  hidden-lg hidden-md hidden-sm visible-xs\">\n\t\t\n\t\t<figure class=\"wpb_wrapper vc_figure\">\n\t\t\t<div class=\"vc_single_image-wrapper   vc_box_border_grey\"><img width=\"1053\" height=\"1353\" src=\"https:\/\/tanksilo.com\/wp-content\/uploads\/2022\/04\/tanksilo_company3.jpg\"  alt=\"\" decoding=\"async\" title=\"tanksilo_company3\" srcset=\"https:\/\/tanksilo.com\/wp-content\/uploads\/2022\/04\/tanksilo_company3.jpg 1053w, https:\/\/tanksilo.com\/wp-content\/uploads\/2022\/04\/tanksilo_company3-233x300.jpg 233w, https:\/\/tanksilo.com\/wp-content\/uploads\/2022\/04\/tanksilo_company3-797x1024.jpg 797w, https:\/\/tanksilo.com\/wp-content\/uploads\/2022\/04\/tanksilo_company3-768x987.jpg 768w, https:\/\/tanksilo.com\/wp-content\/uploads\/2022\/04\/tanksilo_company3-600x771.jpg 600w\" sizes=\"(max-width: 1053px) 100vw, 1053px\" class=\"vc_single_image-img attachment-full no-lazyload\" \/><\/div>\n\t\t<\/figure>\n\t<\/div>\n<\/div><\/div><\/div><div class=\"wpb_column vc_column_container vc_col-sm-8 vc_col-has-fill\"><div class=\"vc_column-inner vc_custom_1522818457652\"><div class=\"wpb_wrapper\"><h2 style=\"font-size: 35px;line-height: 45px;text-align: left\" class=\"vc_custom_heading\" >Miroslav Verikovkij Director de Proyectos<\/h2><p style=\"text-align: left\" class=\"vc_custom_heading vc_custom_1650623127455\" >TankSilo es el resultado de la pasi\u00f3n por ofrecer las mejores soluciones de tanques y silos del mercado. Estamos en camino de convertirnos en l\u00edderes mundiales en el montaje de silos y cisternas, construcci\u00f3n, instalaci\u00f3n y mucho m\u00e1s.<\/p><h4 style=\"font-size: 22px;line-height: 24px;text-align: left\" class=\"vc_custom_heading vc_custom_1522818349085\" >\u00bfPor qu\u00e9 elegirnos?<\/h4><p style=\"text-align: left\" class=\"vc_custom_heading vc_custom_1650623140466\" >El objetivo de nuestra empresa es garantizar que sus soluciones de tanques y silos aporten valor a su negocio durante muchos a\u00f1os. Nuestra extensa historia comenz\u00f3 con peque\u00f1os proyectos, pero a medida que TankSilo se ha desarrollado, tambi\u00e9n lo ha hecho la escala de nuestra ambici\u00f3n. Hasta la fecha, hemos trabajado en soluciones de todas las formas y tama\u00f1os, y nos entusiasma ver qu\u00e9 tipo de proyectos nos depara el futuro.<\/p>\r<!-- radiantthemes-button -->\r<div class=\"radiantthemes-button hover-style-one\"  data-button-direction=\"left\" data-button-fullwidth=\"false\" ><a style=\"\" class=\"radiantthemes-button-main\" href=\"http:\/\/tanksilo.com\/projects\/\"  title=\"\" target=\"_self\"><div class=\"placeholder\">EJEMPLOS DE PROYECTOS<\/div><\/a><\/div>\r<!-- radiantthemes-button -->\r<\/div><\/div><\/div><\/div><div class=\"vc_row wpb_row vc_row-fluid vc_custom_1648547423756 vc_row-o-equal-height vc_row-o-content-middle vc_row-flex\"><div class=\"wpb_column vc_column_container vc_col-sm-6 vc_col-has-fill\"><div class=\"vc_column-inner vc_custom_1649187330026\"><div class=\"wpb_wrapper\"><h2 style=\"font-size: 35px;line-height: 45px;text-align: left\" class=\"vc_custom_heading\" >Gesti\u00f3n de proyectos<\/h2><p style=\"text-align: left\" class=\"vc_custom_heading vc_custom_1650623166509\" >TankSilo ofrece experiencia profesional durante todo el proceso, asegurando que usted tenga todas las herramientas que necesita para tomar la decisi\u00f3n correcta. Una vez que nos ha dado instrucciones, seguimos sus indicaciones al pie de la letra, ejecutando un montaje que cumple exactamente con sus especificaciones. Garantizamos que todos los clientes que emplean nuestros servicios se van contentos con la calidad de sus soluciones, por eso siguen eligi\u00e9ndonos de nuevo.<\/p>\r<!-- radiantthemes-button -->\r<div class=\"radiantthemes-button hover-style-one\"  data-button-direction=\"left\" data-button-fullwidth=\"false\" ><a style=\"\" class=\"radiantthemes-button-main\" href=\"http:\/\/tanksilo.com\/services\/\"  title=\"\" target=\"_self\"><div class=\"placeholder\">NUESTROS SERVICIOS<\/div><\/a><\/div>\r<!-- radiantthemes-button -->\r<\/div><\/div><\/div><div class=\"wpb_column vc_column_container vc_col-sm-6 vc_col-has-fill\"><div class=\"vc_column-inner vc_custom_1664536257209\"><div class=\"wpb_wrapper\">\n\t<div  class=\"wpb_single_image wpb_content_element vc_align_left  vc_custom_1664536130427  hidden-lg hidden-md hidden-sm visible-xs\">\n\t\t\n\t\t<figure class=\"wpb_wrapper vc_figure\">\n\t\t\t<div class=\"vc_single_image-wrapper   vc_box_border_grey\"><img width=\"1528\" height=\"1255\" src=\"https:\/\/tanksilo.com\/wp-content\/uploads\/2022\/09\/tanksilo_company7_new.jpg\"  alt=\"\" decoding=\"async\" title=\"tanksilo_company7_new\" srcset=\"https:\/\/tanksilo.com\/wp-content\/uploads\/2022\/09\/tanksilo_company7_new.jpg 1528w, https:\/\/tanksilo.com\/wp-content\/uploads\/2022\/09\/tanksilo_company7_new-300x246.jpg 300w, https:\/\/tanksilo.com\/wp-content\/uploads\/2022\/09\/tanksilo_company7_new-1024x841.jpg 1024w, https:\/\/tanksilo.com\/wp-content\/uploads\/2022\/09\/tanksilo_company7_new-768x631.jpg 768w, https:\/\/tanksilo.com\/wp-content\/uploads\/2022\/09\/tanksilo_company7_new-15x12.jpg 15w, https:\/\/tanksilo.com\/wp-content\/uploads\/2022\/09\/tanksilo_company7_new-500x411.jpg 500w, https:\/\/tanksilo.com\/wp-content\/uploads\/2022\/09\/tanksilo_company7_new-800x657.jpg 800w, https:\/\/tanksilo.com\/wp-content\/uploads\/2022\/09\/tanksilo_company7_new-1280x1051.jpg 1280w\" sizes=\"(max-width: 1528px) 100vw, 1528px\" class=\"vc_single_image-img attachment-full no-lazyload\" \/><\/div>\n\t\t<\/figure>\n\t<\/div>\n<\/div><\/div><\/div><\/div><section data-vc-full-width=\"true\" data-vc-full-width-init=\"false\" class=\"vc_section vc_custom_1522733940768 vc_section-has-fill\"><div class=\"vc_row wpb_row vc_row-fluid vc_custom_1522733950546\"><div class=\"after-border wpb_column vc_column_container vc_col-sm-4 vc_col-has-fill\"><div class=\"vc_column-inner vc_custom_1523014149361\"><div class=\"wpb_wrapper\"><p style=\"font-size: 48px;line-height: 40px;text-align: left\" class=\"vc_custom_heading font-weight-medium\" >103<\/p><p style=\"font-size: 18px;color: #000000;line-height: 30px;text-align: left\" class=\"vc_custom_heading font-bold vc_custom_1650881228611\" >Con \u00e9xito<\/p><p style=\"font-size: 18px;color: #161111;line-height: 26px;text-align: left\" class=\"vc_custom_heading vc_custom_1522734656241\" >Proyectos realizados<\/p><\/div><\/div><\/div><div class=\"after-border wpb_column vc_column_container vc_col-sm-4 vc_col-has-fill\"><div class=\"vc_column-inner vc_custom_1523014167655\"><div class=\"wpb_wrapper\"><p style=\"font-size: 48px;line-height: 40px;text-align: left\" class=\"vc_custom_heading font-weight-medium\" >21<\/p><p style=\"font-size: 18px;color: #000000;line-height: 30px;text-align: left\" class=\"vc_custom_heading font-bold vc_custom_1650881236306\" >Pa\u00edses<\/p><p style=\"font-size: 18px;color: #161111;line-height: 26px;text-align: left\" class=\"vc_custom_heading vc_custom_1522735606220\" >Alrededor del mundo<\/p><\/div><\/div><\/div><div class=\"wpb_column vc_column_container vc_col-sm-4 vc_col-has-fill\"><div class=\"vc_column-inner vc_custom_1523014190208\"><div class=\"wpb_wrapper\"><p style=\"font-size: 48px;line-height: 40px;text-align: left\" class=\"vc_custom_heading font-weight-medium\" >14<\/p><p style=\"font-size: 18px;color: #000000;line-height: 30px;text-align: left\" class=\"vc_custom_heading font-bold vc_custom_1650881241732\" >A\u00f1os<\/p><p style=\"font-size: 18px;color: #161111;line-height: 26px;text-align: left\" class=\"vc_custom_heading vc_custom_1522735650331\" >De la experiencia<\/p><\/div><\/div><\/div><\/div><\/section><div class=\"vc_row-full-width vc_clearfix\"><\/div><div class=\"vc_row wpb_row vc_row-fluid wpb_animate_when_almost_visible wpb_slideInUp slideInUp vc_custom_1649172458433 vc_row-o-equal-height vc_row-flex\"><div class=\"wpb_column vc_column_container vc_col-sm-6\"><div class=\"vc_column-inner vc_custom_1522747353971\"><div class=\"wpb_wrapper\"><h2 style=\"font-size: 35px;line-height: 45px;text-align: left\" class=\"vc_custom_heading\" >Proporcionamos soluciones<\/h2><p style=\"text-align: left\" class=\"vc_custom_heading vc_custom_1650623192461\" >TankSilo ofrece la construcci\u00f3n de tanques y silos, el montaje, la instalaci\u00f3n y mucho m\u00e1s. Nuestros experimentados miembros del equipo son maestros en la utilizaci\u00f3n de sus puntos fuertes espec\u00edficos, asegurando que su proyecto se complete de la manera correcta cada vez.<\/p><h4 style=\"font-size: 22px;line-height: 24px;text-align: left\" class=\"vc_custom_heading vc_custom_1650623203243\" >Ayuda y soporte adicional<\/h4><p style=\"text-align: left\" class=\"vc_custom_heading vc_custom_1650623216402\" >Sea cual sea la fase de nuestro servicio en la que se encuentre, tendr\u00e1 acceso a nuestros profesionales l\u00edderes en el sector. Le guiar\u00e1n en lo que hay que hacer con sus conocimientos, consejos y d\u00e9cadas de experiencia en la asistencia a clientes en proyectos de todo tipo.<\/p>\r<!-- radiantthemes-button -->\r<div class=\"radiantthemes-button hover-style-one\"  data-button-direction=\"left\" data-button-fullwidth=\"false\" ><a style=\"\" class=\"radiantthemes-button-main\" href=\"http:\/\/tanksilo.com\/contact\/\"  title=\"\" target=\"_self\"><div class=\"placeholder\">PONTE EN CONTACTO CON NOSOTROS<\/div><\/a><\/div>\r<!-- radiantthemes-button -->\r<\/div><\/div><\/div><div class=\"wpb_column vc_column_container vc_col-sm-6 vc_col-has-fill\"><div class=\"vc_column-inner vc_custom_1649173242964\"><div class=\"wpb_wrapper\"><div id=\"\" class=\"rt-popup-video element-one\" data-popup-video-align=\"center\"><div class=\"holder\"><div class=\"icon\"><a class=\"video-link\" href=\"https:\/\/youtu.be\/qR-W9Bg9m-k\"><img width=\"2108\" height=\"1564\" src=\"https:\/\/tanksilo.com\/wp-content\/uploads\/2022\/09\/tanksilo_company21_new.jpg\"  alt=\"\" decoding=\"async\" srcset=\"https:\/\/tanksilo.com\/wp-content\/uploads\/2022\/09\/tanksilo_company21_new.jpg 2108w, https:\/\/tanksilo.com\/wp-content\/uploads\/2022\/09\/tanksilo_company21_new-300x223.jpg 300w, https:\/\/tanksilo.com\/wp-content\/uploads\/2022\/09\/tanksilo_company21_new-1024x760.jpg 1024w, https:\/\/tanksilo.com\/wp-content\/uploads\/2022\/09\/tanksilo_company21_new-768x570.jpg 768w, https:\/\/tanksilo.com\/wp-content\/uploads\/2022\/09\/tanksilo_company21_new-1536x1140.jpg 1536w, https:\/\/tanksilo.com\/wp-content\/uploads\/2022\/09\/tanksilo_company21_new-2048x1519.jpg 2048w, https:\/\/tanksilo.com\/wp-content\/uploads\/2022\/09\/tanksilo_company21_new-16x12.jpg 16w, https:\/\/tanksilo.com\/wp-content\/uploads\/2022\/09\/tanksilo_company21_new-500x371.jpg 500w, https:\/\/tanksilo.com\/wp-content\/uploads\/2022\/09\/tanksilo_company21_new-800x594.jpg 800w, https:\/\/tanksilo.com\/wp-content\/uploads\/2022\/09\/tanksilo_company21_new-1280x950.jpg 1280w, https:\/\/tanksilo.com\/wp-content\/uploads\/2022\/09\/tanksilo_company21_new-1920x1425.jpg 1920w\" sizes=\"(max-width: 2108px) 100vw, 2108px\" class=\"attachment-full size-full no-lazyload\" \/><\/a><\/div><\/div><\/div><\/div><\/div><\/div><\/div>","protected":false},"excerpt":{"rendered":"La visi\u00f3n de TankSilo Nuestra visi\u00f3n es sencilla: aspiramos a que nuestras soluciones de cisternas y silos mejoren la fabricaci\u00f3n y la agricultura para mejor. Estas industrias dependen de soluciones funcionales y de alta calidad que funcionen en el presente y que perduren en el futuro. La fiabilidad de nuestros proyectos permite a las empresas crecer, y en TankSilo nos esforzamos [...]","protected":false},"author":1,"featured_media":0,"parent":0,"menu_order":0,"comment_status":"closed","ping_status":"closed","template":"","meta":{"_vp_format_video_url":"","_vp_image_focal_point":[]},"_links":{"self":[{"href":"https:\/\/tanksilo.com\/es\/wp-json\/wp\/v2\/pages\/2631"}],"collection":[{"href":"https:\/\/tanksilo.com\/es\/wp-json\/wp\/v2\/pages"}],"about":[{"href":"https:\/\/tanksilo.com\/es\/wp-json\/wp\/v2\/types\/page"}],"author":[{"embeddable":true,"href":"https:\/\/tanksilo.com\/es\/wp-json\/wp\/v2\/users\/1"}],"replies":[{"embeddable":true,"href":"https:\/\/tanksilo.com\/es\/wp-json\/wp\/v2\/comments?post=2631"}],"version-history":[{"count":101,"href":"https:\/\/tanksilo.com\/es\/wp-json\/wp\/v2\/pages\/2631\/revisions"}],"predecessor-version":[{"id":5138,"href":"https:\/\/tanksilo.com\/es\/wp-json\/wp\/v2\/pages\/2631\/revisions\/5138"}],"wp:attachment":[{"href":"https:\/\/tanksilo.com\/es\/wp-json\/wp\/v2\/media?parent=2631"}],"curies":[{"name":"wp","href":"https:\/\/api.w.org\/{rel}","templated":true}]}}