{"id":1020,"date":"2021-03-21T12:02:15","date_gmt":"2021-03-21T12:02:15","guid":{"rendered":"https:\/\/brixel.radiantthemes.com\/?page_id=1020"},"modified":"2023-02-27T09:11:35","modified_gmt":"2023-02-27T09:11:35","slug":"career","status":"publish","type":"page","link":"https:\/\/tanksilo.com\/fr\/career\/","title":{"rendered":"Carri\u00e8re chez TankSilo"},"content":{"rendered":"<div data-vc-full-width=\"true\" data-vc-full-width-init=\"false\" class=\"vc_row wpb_row vc_row-fluid vc_custom_1650969019894 vc_row-has-fill\"><div class=\"wpb_column vc_column_container vc_col-sm-12\"><div class=\"vc_column-inner vc_custom_1650969087888\"><div class=\"wpb_wrapper\"><h1 style=\"font-size: 35px;line-height: 45px;text-align: center\" class=\"vc_custom_heading font-weight-bold\" >Notre \u00e9quipe est notre plus grand atout (Nous ne recrutons pas actuellement)<\/h1><\/div><\/div><\/div><\/div><div class=\"vc_row-full-width vc_clearfix\"><\/div><div data-vc-full-width=\"true\" data-vc-full-width-init=\"false\" class=\"vc_row wpb_row vc_row-fluid vc_custom_1650969036317\"><div class=\"wpb_column vc_column_container vc_col-sm-6\"><div class=\"vc_column-inner vc_custom_1650969202865\"><div class=\"wpb_wrapper\"><div style=\"font-size: 16px;color: #171c30;line-height: 28PX;text-align: left\" class=\"vc_custom_heading font-weight-medium vc_custom_1648563041898\" >Postes actuellement disponibles chez TankSilo Company<\/div>\n\t<div class=\"wpb_text_column wpb_content_element\" >\n\t\t<div class=\"wpb_wrapper\">\n\t\t\t<p>Rejoignez-nous : Si vous aspirez \u00e0 rejoindre une \u00e9quipe leader dans le domaine de l'assemblage et de la construction de r\u00e9servoirs et de silos, nous proposons des postes \u00e0 des experts de diff\u00e9rents niveaux. Notre liste de postes disponibles, ci-dessous, contient plus d'informations sur les types d'op\u00e9rateurs exceptionnels que nous recherchons.<\/p>\n<p>&nbsp;<\/p>\n<p>- Membre de l'\u00e9quipe d'assemblage de r\u00e9servoirs et de silos boulonn\u00e9s (actuellement non disponible)<\/p>\n<p>- Superviseur de chantier de construction de r\u00e9servoirs et de silos (n'embauche pas actuellement)<\/p>\n<p>- Aide de chantier (actuellement non disponible)<\/p>\n\n\t\t<\/div>\n\t<\/div>\n<\/div><\/div><\/div><div class=\"wpb_column vc_column_container vc_col-sm-6\"><div class=\"vc_column-inner vc_custom_1650626374698\"><div class=\"wpb_wrapper\"><div id=\"\" class=\"rt-popup-video element-one\" data-popup-video-align=\"center\"><div class=\"holder\"><div class=\"icon\"><a class=\"video-link\" href=\"https:\/\/youtu.be\/i_ouIEEdyu0\"><img width=\"1536\" height=\"1103\" src=\"https:\/\/tanksilo.com\/wp-content\/uploads\/2022\/04\/tanksilo_image228-1.jpg\"  alt=\"\" decoding=\"async\" srcset=\"https:\/\/tanksilo.com\/wp-content\/uploads\/2022\/04\/tanksilo_image228-1.jpg 1536w, https:\/\/tanksilo.com\/wp-content\/uploads\/2022\/04\/tanksilo_image228-1-300x215.jpg 300w, https:\/\/tanksilo.com\/wp-content\/uploads\/2022\/04\/tanksilo_image228-1-1024x735.jpg 1024w, https:\/\/tanksilo.com\/wp-content\/uploads\/2022\/04\/tanksilo_image228-1-768x552.jpg 768w, https:\/\/tanksilo.com\/wp-content\/uploads\/2022\/04\/tanksilo_image228-1-500x359.jpg 500w, https:\/\/tanksilo.com\/wp-content\/uploads\/2022\/04\/tanksilo_image228-1-800x574.jpg 800w, https:\/\/tanksilo.com\/wp-content\/uploads\/2022\/04\/tanksilo_image228-1-1280x919.jpg 1280w, https:\/\/tanksilo.com\/wp-content\/uploads\/2022\/04\/tanksilo_image228-1-600x431.jpg 600w\" sizes=\"(max-width: 1536px) 100vw, 1536px\" class=\"attachment-full size-full no-lazyload\" \/><\/a><\/div><\/div><\/div><\/div><\/div><\/div><\/div><div class=\"vc_row-full-width vc_clearfix\"><\/div><div data-vc-full-width=\"true\" data-vc-full-width-init=\"false\" class=\"vc_row wpb_row vc_row-fluid vc_custom_1650626317768 vc_row-has-fill\"><div class=\"wpb_column vc_column_container vc_col-sm-12\"><div class=\"vc_column-inner vc_custom_1647469941970\"><div class=\"wpb_wrapper\"><h1 style=\"font-size: 35px;line-height: 45px;text-align: left\" class=\"vc_custom_heading font-weight-bold vc_custom_1648562318683\" >Sant\u00e9 et s\u00e9curit\u00e9<\/h1><div style=\"font-size: 18px;line-height: 28px;text-align: left\" class=\"vc_custom_heading font-weight-bold vc_custom_1650626014245\" >Nous prenons la sant\u00e9 et la s\u00e9curit\u00e9 de nos travailleurs tr\u00e8s au s\u00e9rieux. L'assemblage et l'installation de r\u00e9servoirs et de silos n'est pas une t\u00e2che simple, c'est pourquoi nous insistons pour que toutes les pr\u00e9cautions soient suivies \u00e0 la lettre afin de maintenir un site de travail s\u00fbr. Tous nos travailleurs sont enti\u00e8rement assur\u00e9s, form\u00e9s et exp\u00e9riment\u00e9s en mati\u00e8re de sant\u00e9 et de s\u00e9curit\u00e9 et partagent notre passion pour le respect des r\u00e8gles.<\/div>\n\t<div class=\"wpb_text_column wpb_content_element  vc_custom_1650626023819\" >\n\t\t<div class=\"wpb_wrapper\">\n\t\t\t<p>Les \u00e9quipes de TankSilo ne sont pas seulement exp\u00e9riment\u00e9es, comp\u00e9tentes et travailleuses, elles sont aussi extr\u00eamement qualifi\u00e9es. La s\u00e9rie de certifications pertinentes que chaque op\u00e9rateur poss\u00e8de d\u00e9montre son niveau de comp\u00e9tence dans les processus d'assemblage, d'installation et de construction de r\u00e9servoirs et de silos. TankSilo maintient la transparence tout au long du processus de mise en \u0153uvre du projet, de sorte que nos certifications sont toujours disponibles pour nos clients. Nous avons travaill\u00e9 dur pour atteindre ces qualifications, donc si vous souhaitez les voir, nous serons plus qu'heureux de vous les montrer !<\/p>\n\n\t\t<\/div>\n\t<\/div>\n<div class=\"vc_row wpb_row vc_inner vc_row-fluid vc_custom_1647940736549\"><div class=\"wpb_column vc_column_container vc_col-sm-6\"><div class=\"vc_column-inner vc_custom_1650634894609\"><div class=\"wpb_wrapper\"><div id=\"\" class=\"rt-popup-video element-one\" data-popup-video-align=\"center\"><div class=\"holder\"><div class=\"icon\"><a class=\"video-link\" href=\"https:\/\/youtu.be\/xtCcOrIUOrg\"><img width=\"1788\" height=\"1284\" src=\"https:\/\/tanksilo.com\/wp-content\/uploads\/2022\/03\/tanksilo_image43.jpg\"  alt=\"\" decoding=\"async\" srcset=\"https:\/\/tanksilo.com\/wp-content\/uploads\/2022\/03\/tanksilo_image43.jpg 1788w, https:\/\/tanksilo.com\/wp-content\/uploads\/2022\/03\/tanksilo_image43-300x215.jpg 300w, https:\/\/tanksilo.com\/wp-content\/uploads\/2022\/03\/tanksilo_image43-1024x735.jpg 1024w, https:\/\/tanksilo.com\/wp-content\/uploads\/2022\/03\/tanksilo_image43-768x552.jpg 768w, https:\/\/tanksilo.com\/wp-content\/uploads\/2022\/03\/tanksilo_image43-1536x1103.jpg 1536w, https:\/\/tanksilo.com\/wp-content\/uploads\/2022\/03\/tanksilo_image43-600x431.jpg 600w\" sizes=\"(max-width: 1788px) 100vw, 1788px\" class=\"attachment-full size-full no-lazyload\" \/><\/a><\/div><\/div><\/div><\/div><\/div><\/div><div class=\"wpb_column vc_column_container vc_col-sm-6\"><div class=\"vc_column-inner vc_custom_1648563603724\"><div class=\"wpb_wrapper\">\n\t<div class=\"wpb_text_column wpb_content_element\" >\n\t\t<div class=\"wpb_wrapper\">\n\t\t\t<p>L'expertise sans fin de notre \u00e9quipe professionnelle est un point de fiert\u00e9 chez TankSilo, mais nous ne pouvons pas \u00eatre statiques \u00e0 cet \u00e9gard. C'est pourquoi nous travaillons constamment sur nos connaissances et nos comp\u00e9tences \u00e0 travers la formation, les nouvelles certifications et le d\u00e9veloppement. La liste des certifications ci-dessous t\u00e9moigne du fait que nos travailleurs sont bien form\u00e9s, en constante am\u00e9lioration, et \u00e0 la pointe des protocoles de l'industrie.<\/p>\n\n\t\t<\/div>\n\t<\/div>\n\r<!-- list -->\r<div class=\"rt-list rtcbcb94ae-dccb-7 element-five    vc_custom_1648563521881\" ><p>\n<ul>\n<li>Certificats pour la s\u00e9curit\u00e9 et la sant\u00e9 au travail<\/li>\n<li>Certificats pour la formation des superviseurs de High-scaler<\/li>\n<li>Op\u00e9rateurs de plates-formes \u00e9l\u00e9vatrices certifi\u00e9s<\/li>\n<li>Acqu\u00e9rir la comp\u00e9tence pour travailler comme porteur de charge<\/li>\n<li>Certifi\u00e9 pour l'installation d'\u00e9chafaudages<\/li>\n<li>Comp\u00e9tence acquise pour travailler comme conducteur de chariot \u00e9l\u00e9vateur \u00e0 fourche<\/li>\n<\/ul>\n<\/p><\/div>\r<!-- list -->\r<\/div><\/div><\/div><\/div><\/div><\/div><\/div><\/div><div class=\"vc_row-full-width vc_clearfix\"><\/div><div data-vc-full-width=\"true\" data-vc-full-width-init=\"false\" data-vc-stretch-content=\"true\" data-vc-parallax=\"2.0\" data-vc-parallax-image=\"https:\/\/www.youtube.com\/watch?v=wb5s2VpzwF4\" class=\"vc_row wpb_row vc_row-fluid vc_custom_1648564019375 vc_row-has-fill vc_row-no-padding vc_video-bg-container vc_general vc_parallax vc_parallax-content-moving\"><div class=\"wpb_column vc_column_container vc_col-sm-6 vc_col-lg-3 vc_col-md-3 vc_col-xs-12 vc_col-has-fill\"><div class=\"vc_column-inner vc_custom_1648564099860\"><div class=\"wpb_wrapper\"><div class=\"vc_icon_element vc_icon_element-outer vc_custom_1649445957725 vc_icon_element-align-center\"><div class=\"vc_icon_element-inner vc_icon_element-color-white vc_icon_element-size-lg vc_icon_element-style- vc_icon_element-background-color-grey\" ><span class=\"vc_icon_element-icon vc-oi vc-oi-cog\" ><\/span><\/div><\/div><div style=\"text-align:center;font-size:45px;line-height:45px;color:#ffffff;\" class=\"rt-counterup element-one\"  data-counterup-delay=\"100\" data-counterup-time=\"1000\">14<\/div><h3 style=\"font-size: 16px;color: #ffffff;line-height: 30px;text-align: center\" class=\"vc_custom_heading vc_custom_1648565078186\" >ANN\u00c9ES D'EXP\u00c9RIENCE<\/h3><\/div><\/div><\/div><div class=\"wpb_column vc_column_container vc_col-sm-6 vc_col-lg-3 vc_col-md-3 vc_col-xs-12 vc_col-has-fill\"><div class=\"vc_column-inner vc_custom_1522480197697\"><div class=\"wpb_wrapper\"><div class=\"vc_icon_element vc_icon_element-outer vc_custom_1649446100815 vc_icon_element-align-center\"><div class=\"vc_icon_element-inner vc_icon_element-color-white vc_icon_element-size-lg vc_icon_element-style- vc_icon_element-background-color-grey\" ><span class=\"vc_icon_element-icon vc-oi vc-oi-ok\" ><\/span><\/div><\/div><div style=\"text-align:center;font-size:45px;line-height:45px;color:#ffffff;\" class=\"rt-counterup element-one\"  data-counterup-delay=\"100\" data-counterup-time=\"1000\">103<\/div><h3 style=\"font-size: 16px;color: #ffffff;line-height: 30px;text-align: center\" class=\"vc_custom_heading vc_custom_1648565118510\" >PROJETS TERMIN\u00c9S<\/h3><\/div><\/div><\/div><div class=\"wpb_column vc_column_container vc_col-sm-6 vc_col-lg-3 vc_col-md-3 vc_col-xs-12 vc_col-has-fill\"><div class=\"vc_column-inner vc_custom_1522480209971\"><div class=\"wpb_wrapper\"><div class=\"vc_icon_element vc_icon_element-outer vc_custom_1649446200363 vc_icon_element-align-center\"><div class=\"vc_icon_element-inner vc_icon_element-color-white vc_icon_element-size-lg vc_icon_element-style- vc_icon_element-background-color-grey\" ><span class=\"vc_icon_element-icon vc-oi vc-oi-wrench\" ><\/span><\/div><\/div><div style=\"text-align:center;font-size:45px;line-height:45px;color:#ffffff;\" class=\"rt-counterup element-one\"  data-counterup-delay=\"100\" data-counterup-time=\"1000\">7<\/div><h3 style=\"font-size: 16px;color: #ffffff;line-height: 30px;text-align: center\" class=\"vc_custom_heading vc_custom_1648565156816\" >\u00c9QUIPES D'ASSEMBLEURS<\/h3><\/div><\/div><\/div><div class=\"wpb_column vc_column_container vc_col-sm-6 vc_col-lg-3 vc_col-md-3 vc_col-xs-12 vc_col-has-fill\"><div class=\"vc_column-inner vc_custom_1522480221764\"><div class=\"wpb_wrapper\"><div class=\"vc_icon_element vc_icon_element-outer vc_custom_1649446168737 vc_icon_element-align-center\"><div class=\"vc_icon_element-inner vc_icon_element-color-white vc_icon_element-size-lg vc_icon_element-style- vc_icon_element-background-color-grey\" ><span class=\"vc_icon_element-icon vc-oi vc-oi-location\" ><\/span><\/div><\/div><div style=\"text-align:center;font-size:45px;line-height:45px;color:#ffffff;\" class=\"rt-counterup element-one\"  data-counterup-delay=\"100\" data-counterup-time=\"1000\">21<\/div><h3 style=\"font-size: 16px;color: #ffffff;line-height: 30px;text-align: center\" class=\"vc_custom_heading vc_custom_1648564426775\" >PAYS<\/h3><\/div><\/div><\/div><\/div><div class=\"vc_row-full-width vc_clearfix\"><\/div><div class=\"vc_row wpb_row vc_row-fluid vc_custom_1647940898548\"><div class=\"wpb_column vc_column_container vc_col-sm-12\"><div class=\"vc_column-inner\"><div class=\"wpb_wrapper\"><div class=\"vc_row wpb_row vc_inner vc_row-fluid\"><div class=\"wpb_column vc_column_container vc_col-sm-12\"><div class=\"vc_column-inner\"><div class=\"wpb_wrapper\"><h1 style=\"font-size: 35px;line-height: 45px;text-align: center\" class=\"vc_custom_heading font-weight-bold vc_custom_1649877666438\" >FAQ sur le processus TankSilo<\/h1><\/div><\/div><\/div><\/div><div class=\"rt-accordion element-six\"  ><div class=\"rt-accordion-item\"><div class=\"rt-accordion-item-title\"><h4 class=\"panel-title\">Quelles sont les priorit\u00e9s de TankSilo ?<\/h4><div class=\"rt-accordion-item-title-icon\"><div class=\"symbol\"><\/div><\/div><\/div><div class=\"rt-accordion-item-body\">Du point de vue de l'assemblage, nous sommes des constructeurs de r\u00e9servoirs et de silos sp\u00e9cialis\u00e9s dans les installations d'\u00e9nergie renouvelable, les r\u00e9servoirs \u00e9cologiques, les silos agricoles, les r\u00e9servoirs de biogaz, les silos de s\u00e9chage et les r\u00e9servoirs de stockage. Nous concevons \u00e9galement nos processus d'assemblage et de construction dans un souci de durabilit\u00e9, en minimisant leur impact sur l'environnement.<\/div><\/div><div class=\"rt-accordion-item\"><div class=\"rt-accordion-item-title\"><h4 class=\"panel-title\">TankSilo fournit-il un service d'inspection ?<\/h4><div class=\"rt-accordion-item-title-icon\"><div class=\"symbol\"><\/div><\/div><\/div><div class=\"rt-accordion-item-body\">Pour faire simple : oui. D\u00e8s que nos techniciens arrivent sur votre site, ils diagnostiquent et r\u00e9solvent les probl\u00e8mes imm\u00e9diatement. Les relations avec les clients sont primordiales pour nous, c'est pourquoi tous nos services - de la construction \u00e0 la r\u00e9novation et \u00e0 l'inspection - sont men\u00e9s avec l'objectif final de la satisfaction du client au premier plan.<\/div><\/div><div class=\"rt-accordion-item\"><div class=\"rt-accordion-item-title\"><h4 class=\"panel-title\">TankSilo suit-il l'Organisation internationale de normalisation ?<\/h4><div class=\"rt-accordion-item-title-icon\"><div class=\"symbol\"><\/div><\/div><\/div><div class=\"rt-accordion-item-body\">Nous nous effor\u00e7ons en permanence d'am\u00e9liorer nos processus d'entreprise, c'est pourquoi nous d\u00e9ployons des certifications ISO dans toute notre organisation. L'objectif est double : d'une part, contribuer \u00e0 la croissance de notre entreprise et, d'autre part, garantir que nous r\u00e9pondons aux exigences de chaque client exactement comme il le souhaite. En outre, nos \u00e9quipes de montage travaillent selon des normes techniques rigoureuses, ce qui garantit qu'elles sont toujours en mesure de guider les clients tout au long des processus de montage, de construction et d'installation.<\/div><\/div><div class=\"rt-accordion-item\"><div class=\"rt-accordion-item-title\"><h4 class=\"panel-title\">Quelles sont les forces uniques de l'\u00e9quipe de construction TankSilo ?<\/h4><div class=\"rt-accordion-item-title-icon\"><div class=\"symbol\"><\/div><\/div><\/div><div class=\"rt-accordion-item-body\">Notre m\u00e9lange distinctif d'expertise, de sp\u00e9cialistes hautement qualifi\u00e9s et d'outils et technologies de pointe nous permet d'offrir la solution optimale \u00e0 chaque client. La nouveaut\u00e9 de TankSilo, cependant, est que nous sommes capables de d\u00e9ployer ces comp\u00e9tences partout dans le monde gr\u00e2ce \u00e0 notre connaissance des conditions et exigences sp\u00e9cifiques de chaque pays.<\/div><\/div><div class=\"rt-accordion-item\"><div class=\"rt-accordion-item-title\"><h4 class=\"panel-title\">Est-ce que TankSilo effectue des tests et fournit des garanties ?<\/h4><div class=\"rt-accordion-item-title-icon\"><div class=\"symbol\"><\/div><\/div><\/div><div class=\"rt-accordion-item-body\">\n<div class=\"page\" title=\"Page 5\">\n<div class=\"section\">\n<div class=\"layoutArea\">\n<div class=\"column\">\n<p>L'assemblage des r\u00e9servoirs exige de la pr\u00e9cision et le respect des exigences technologiques pour passer les tests avec une pr\u00e9cision de 100%. Nous sommes parfaitement conscients de ces exigences et de la n\u00e9cessit\u00e9 de les respecter scrupuleusement, c'est pourquoi nous insistons sur la qualit\u00e9 de nos processus de construction. Depuis notre cr\u00e9ation, nos solutions n'ont jamais \u00e9chou\u00e9 \u00e0 un test de qualit\u00e9, ce qui prouve que les normes que nous fixons sont toujours respect\u00e9es.<\/p>\n<\/div>\n<\/div>\n<\/div>\n<\/div>\n<\/div><\/div><\/div><\/div><\/div><\/div><\/div>","protected":false},"excerpt":{"rendered":"Notre \u00e9quipe est notre plus grand atout (Nous ne recrutons pas actuellement)Postes actuellement disponibles chez TankSilo Company Rejoignez-nous : Si vous aspirez \u00e0 rejoindre une \u00e9quipe leader dans le secteur de l'assemblage et de la construction de r\u00e9servoirs et de silos, nous proposons des postes \u00e0 des experts de diff\u00e9rents niveaux. Notre liste de postes disponibles, ci-dessous, contient plus d'informations sur les types de [...]","protected":false},"author":1,"featured_media":0,"parent":0,"menu_order":0,"comment_status":"closed","ping_status":"closed","template":"","meta":{"_vp_format_video_url":"","_vp_image_focal_point":[]},"_links":{"self":[{"href":"https:\/\/tanksilo.com\/fr\/wp-json\/wp\/v2\/pages\/1020"}],"collection":[{"href":"https:\/\/tanksilo.com\/fr\/wp-json\/wp\/v2\/pages"}],"about":[{"href":"https:\/\/tanksilo.com\/fr\/wp-json\/wp\/v2\/types\/page"}],"author":[{"embeddable":true,"href":"https:\/\/tanksilo.com\/fr\/wp-json\/wp\/v2\/users\/1"}],"replies":[{"embeddable":true,"href":"https:\/\/tanksilo.com\/fr\/wp-json\/wp\/v2\/comments?post=1020"}],"version-history":[{"count":60,"href":"https:\/\/tanksilo.com\/fr\/wp-json\/wp\/v2\/pages\/1020\/revisions"}],"predecessor-version":[{"id":5149,"href":"https:\/\/tanksilo.com\/fr\/wp-json\/wp\/v2\/pages\/1020\/revisions\/5149"}],"wp:attachment":[{"href":"https:\/\/tanksilo.com\/fr\/wp-json\/wp\/v2\/media?parent=1020"}],"curies":[{"name":"wp","href":"https:\/\/api.w.org\/{rel}","templated":true}]}}