{"id":2631,"date":"2021-04-06T11:02:27","date_gmt":"2021-04-06T11:02:27","guid":{"rendered":"https:\/\/brixel.radiantthemes.com\/?page_id=2631"},"modified":"2022-09-30T11:19:01","modified_gmt":"2022-09-30T11:19:01","slug":"company","status":"publish","type":"page","link":"https:\/\/tanksilo.com\/fr\/company\/","title":{"rendered":"Soci\u00e9t\u00e9 TankSilo"},"content":{"rendered":"<div class=\"vc_row wpb_row vc_row-fluid vc_custom_1650484471241 vc_column-gap-10\"><div class=\"wpb_column vc_column_container vc_col-sm-12 vc_col-has-fill\"><div class=\"vc_column-inner vc_custom_1522754688404\"><div class=\"wpb_wrapper\"><h1 style=\"font-size: 35px;text-align: center\" class=\"vc_custom_heading vc_custom_1650973389080\" >La vision TankSilo<\/h1>\n\t<div class=\"wpb_text_column wpb_content_element\" >\n\t\t<div class=\"wpb_wrapper\">\n\t\t\t<p style=\"text-align: center;\">Notre vision est simple : nous aspirons \u00e0 ce que nos solutions de citernes et de silos am\u00e9liorent la fabrication et l'agriculture. Ces industries d\u00e9pendent de solutions fonctionnelles et de haute qualit\u00e9 qui fonctionnent dans le pr\u00e9sent et qui durent dans le futur. La fiabilit\u00e9 de nos projets permet aux entreprises de se d\u00e9velopper, et TankSilo s'efforce de se d\u00e9velopper \u00e0 leurs c\u00f4t\u00e9s. Pour nous permettre de r\u00e9aliser notre vision, notre \u00e9quipe est compos\u00e9e uniquement des professionnels les plus qualifi\u00e9s, les mieux form\u00e9s et les plus certifi\u00e9s. Cette obsession pour la qualit\u00e9 de notre personnel ne s'arr\u00eate cependant pas \u00e0 leur entr\u00e9e dans le b\u00e2timent. Nous formons et d\u00e9veloppons nos professionnels tout au long de leur carri\u00e8re chez nous afin de garantir leur am\u00e9lioration continue et l'\u00e9volution constante de notre service.<\/p>\n\n\t\t<\/div>\n\t<\/div>\n<\/div><\/div><\/div><\/div><div class=\"vc_row wpb_row vc_row-fluid vc_custom_1648547423756 vc_row-o-equal-height vc_row-o-content-middle vc_row-flex\"><div class=\"wpb_column vc_column_container vc_col-sm-6 vc_col-has-fill\"><div class=\"vc_column-inner vc_custom_1662414268506\"><div class=\"wpb_wrapper\">\n\t<div  class=\"wpb_single_image wpb_content_element vc_align_left  vc_custom_1662414254030  hidden-lg hidden-md hidden-sm visible-xs\">\n\t\t\n\t\t<figure class=\"wpb_wrapper vc_figure\">\n\t\t\t<div class=\"vc_single_image-wrapper   vc_box_border_grey\"><img width=\"1782\" height=\"1295\" src=\"https:\/\/tanksilo.com\/wp-content\/uploads\/2022\/09\/tanksilo_company16upd.jpg\"  alt=\"\" decoding=\"async\" title=\"tanksilo_soci\u00e9t\u00e916upd\" srcset=\"https:\/\/tanksilo.com\/wp-content\/uploads\/2022\/09\/tanksilo_company16upd.jpg 1782w, https:\/\/tanksilo.com\/wp-content\/uploads\/2022\/09\/tanksilo_company16upd-300x218.jpg 300w, https:\/\/tanksilo.com\/wp-content\/uploads\/2022\/09\/tanksilo_company16upd-1024x744.jpg 1024w, https:\/\/tanksilo.com\/wp-content\/uploads\/2022\/09\/tanksilo_company16upd-768x558.jpg 768w, https:\/\/tanksilo.com\/wp-content\/uploads\/2022\/09\/tanksilo_company16upd-1536x1116.jpg 1536w, https:\/\/tanksilo.com\/wp-content\/uploads\/2022\/09\/tanksilo_company16upd-18x12.jpg 18w, https:\/\/tanksilo.com\/wp-content\/uploads\/2022\/09\/tanksilo_company16upd-500x363.jpg 500w, https:\/\/tanksilo.com\/wp-content\/uploads\/2022\/09\/tanksilo_company16upd-800x581.jpg 800w, https:\/\/tanksilo.com\/wp-content\/uploads\/2022\/09\/tanksilo_company16upd-1280x930.jpg 1280w\" sizes=\"(max-width: 1782px) 100vw, 1782px\" class=\"vc_single_image-img attachment-full no-lazyload\" \/><\/div>\n\t\t<\/figure>\n\t<\/div>\n<\/div><\/div><\/div><div class=\"wpb_column vc_column_container vc_col-sm-6 vc_col-has-fill\"><div class=\"vc_column-inner vc_custom_1648546399315\"><div class=\"wpb_wrapper\"><h2 style=\"font-size: 35px;line-height: 45px;text-align: left\" class=\"vc_custom_heading\" >Gytis Keru\u0161auskas<br \/>\nFondateur et PDG<\/h2><p style=\"text-align: left\" class=\"vc_custom_heading vc_custom_1650623044724\" >Je fais partie de l'industrie des citernes et des silos depuis 2008. J'ai d'abord \u00e9t\u00e9 assistant, mais au fur et \u00e0 mesure que j'ai acquis de l'exp\u00e9rience, j'ai rapidement \u00e9t\u00e9 promu et j'ai depuis travaill\u00e9 \u00e0 tous les niveaux de la main-d'\u0153uvre - d'assistant \u00e0 monteur, puis chef d'\u00e9quipe et enfin superviseur. Enfin, je me suis retrouv\u00e9 en charge de projets entiers, et c'est alors que j'ai cr\u00e9\u00e9 TankSilo. Au cours de ma carri\u00e8re, j'ai travaill\u00e9 dans de nombreux pays et avec une pl\u00e9thore de technologies. C'est toujours un plaisir de partager cette richesse d'exp\u00e9rience avec de nouveaux clients, et je suis impatient de trouver des solutions \u00e0 chaque projet unique.<\/p>\r<!-- radiantthemes-button -->\r<div class=\"radiantthemes-button hover-style-one\"  data-button-direction=\"left\" data-button-fullwidth=\"false\" ><a style=\"\" class=\"radiantthemes-button-main\" href=\"http:\/\/tanksilo.com\/services\/\"  title=\"\" target=\"_self\"><div class=\"placeholder\">NOS SERVICES<\/div><\/a><\/div>\r<!-- radiantthemes-button -->\r<\/div><\/div><\/div><\/div><div class=\"vc_row wpb_row vc_row-fluid vc_custom_1522816034812 vc_row-o-equal-height vc_row-o-content-middle vc_row-flex\"><div class=\"wpb_column vc_column_container vc_col-sm-6 vc_col-has-fill\"><div class=\"vc_column-inner vc_custom_1522816514976\"><div class=\"wpb_wrapper\"><h2 style=\"font-size: 35px;line-height: 45px;text-align: left\" class=\"vc_custom_heading\" >Notre \u00e9quipe est<br \/>\nNotre plus grand atout<\/h2><div class=\"vc_row wpb_row vc_inner vc_row-fluid hover-icon vc_custom_1522819181239\"><div class=\"wpb_column vc_column_container vc_col-sm-2\"><div class=\"vc_column-inner\"><div class=\"wpb_wrapper\">\n\t<div  class=\"wpb_single_image wpb_content_element vc_align_left  vc_custom_1651133315934\">\n\t\t\n\t\t<figure class=\"wpb_wrapper vc_figure\">\n\t\t\t<div class=\"vc_single_image-wrapper   vc_box_border_grey\"><img width=\"62\" height=\"46\" src=\"https:\/\/tanksilo.com\/wp-content\/uploads\/2022\/04\/tanksilo_icon7.png\"  alt=\"\" decoding=\"async\" title=\"tankilo_icon7\" class=\"vc_single_image-img attachment-full no-lazyload\" \/><\/div>\n\t\t<\/figure>\n\t<\/div>\n<\/div><\/div><\/div><div class=\"wpb_column vc_column_container vc_col-sm-10\"><div class=\"vc_column-inner\"><div class=\"wpb_wrapper\"><h6 style=\"font-size: 18px;line-height: 23px;text-align: left\" class=\"vc_custom_heading\" >Attention aux d\u00e9tails<\/h6><p style=\"text-align: left\" class=\"vc_custom_heading vc_custom_1650623063521\" >Quelle que soit la taille ou l'ampleur de votre projet, nous faisons toujours preuve d'un grand souci du d\u00e9tail et d'une obsession pour la qualit\u00e9. Du d\u00e9but \u00e0 la fin, chaque aspect de votre projet est trait\u00e9 par nos sp\u00e9cialistes exp\u00e9riment\u00e9s, ce qui garantit que chaque t\u00e2che individuelle est confi\u00e9e \u00e0 un professionnel hautement qualifi\u00e9.<\/p><\/div><\/div><\/div><\/div><div class=\"vc_row wpb_row vc_inner vc_row-fluid hover-icon vc_custom_1522819195542\"><div class=\"wpb_column vc_column_container vc_col-sm-2\"><div class=\"vc_column-inner\"><div class=\"wpb_wrapper\">\n\t<div  class=\"wpb_single_image wpb_content_element vc_align_left  vc_custom_1651133331138\">\n\t\t\n\t\t<figure class=\"wpb_wrapper vc_figure\">\n\t\t\t<div class=\"vc_single_image-wrapper   vc_box_border_grey\"><img width=\"62\" height=\"46\" src=\"https:\/\/tanksilo.com\/wp-content\/uploads\/2022\/04\/tanksilo_icon8.png\"  alt=\"\" decoding=\"async\" title=\"tankilo_icon8\" class=\"vc_single_image-img attachment-full no-lazyload\" \/><\/div>\n\t\t<\/figure>\n\t<\/div>\n<\/div><\/div><\/div><div class=\"wpb_column vc_column_container vc_col-sm-10\"><div class=\"vc_column-inner\"><div class=\"wpb_wrapper\"><h6 style=\"font-size: 18px;line-height: 23px;text-align: left\" class=\"vc_custom_heading\" >La qualit\u00e9 dans tous les projets<\/h6><p style=\"text-align: left\" class=\"vc_custom_heading vc_custom_1650623085971\" >Notre \u00e9quipe de montage et d'installation traite tous les aspects de chaque projet de mani\u00e8re d\u00e9cisive, professionnelle et tr\u00e8s efficace.<\/p><\/div><\/div><\/div><\/div><div class=\"vc_row wpb_row vc_inner vc_row-fluid hover-icon vc_custom_1522819209311\"><div class=\"wpb_column vc_column_container vc_col-sm-2\"><div class=\"vc_column-inner\"><div class=\"wpb_wrapper\">\n\t<div  class=\"wpb_single_image wpb_content_element vc_align_left  vc_custom_1651133436839\">\n\t\t\n\t\t<figure class=\"wpb_wrapper vc_figure\">\n\t\t\t<div class=\"vc_single_image-wrapper   vc_box_border_grey\"><img width=\"62\" height=\"46\" src=\"https:\/\/tanksilo.com\/wp-content\/uploads\/2022\/04\/tanksilo_icon10.png\"  alt=\"\" decoding=\"async\" title=\"tankilo_icon10\" class=\"vc_single_image-img attachment-full no-lazyload\" \/><\/div>\n\t\t<\/figure>\n\t<\/div>\n<\/div><\/div><\/div><div class=\"wpb_column vc_column_container vc_col-sm-10\"><div class=\"vc_column-inner\"><div class=\"wpb_wrapper\"><h6 style=\"font-size: 18px;line-height: 23px;text-align: left\" class=\"vc_custom_heading\" >Professionnels exp\u00e9riment\u00e9s<\/h6><p style=\"text-align: left\" class=\"vc_custom_heading vc_custom_1650623108669\" >Chaque \u00e9l\u00e9ment de tout projet industriel ou commercial auquel nous participons implique le travail de certains des professionnels les plus exp\u00e9riment\u00e9s et les plus d\u00e9vou\u00e9s du secteur.<\/p><\/div><\/div><\/div><\/div><\/div><\/div><\/div><div class=\"wpb_column vc_column_container vc_col-sm-6 vc_col-has-fill\"><div class=\"vc_column-inner vc_custom_1662414852487\"><div class=\"wpb_wrapper\"><\/div><\/div><\/div><\/div><div class=\"vc_row wpb_row vc_row-fluid vc_custom_1522816034812 vc_row-o-equal-height vc_row-o-content-middle vc_row-flex\"><div class=\"wpb_column vc_column_container vc_col-sm-4 vc_col-has-fill\"><div class=\"vc_column-inner vc_custom_1649152383325\"><div class=\"wpb_wrapper\">\n\t<div  class=\"wpb_single_image wpb_content_element vc_align_left  vc_custom_1649152371357  hidden-lg hidden-md hidden-sm visible-xs\">\n\t\t\n\t\t<figure class=\"wpb_wrapper vc_figure\">\n\t\t\t<div class=\"vc_single_image-wrapper   vc_box_border_grey\"><img width=\"1053\" height=\"1353\" src=\"https:\/\/tanksilo.com\/wp-content\/uploads\/2022\/04\/tanksilo_company3.jpg\"  alt=\"\" decoding=\"async\" title=\"tanksilo_soci\u00e9t\u00e93\" srcset=\"https:\/\/tanksilo.com\/wp-content\/uploads\/2022\/04\/tanksilo_company3.jpg 1053w, https:\/\/tanksilo.com\/wp-content\/uploads\/2022\/04\/tanksilo_company3-233x300.jpg 233w, https:\/\/tanksilo.com\/wp-content\/uploads\/2022\/04\/tanksilo_company3-797x1024.jpg 797w, https:\/\/tanksilo.com\/wp-content\/uploads\/2022\/04\/tanksilo_company3-768x987.jpg 768w, https:\/\/tanksilo.com\/wp-content\/uploads\/2022\/04\/tanksilo_company3-600x771.jpg 600w\" sizes=\"(max-width: 1053px) 100vw, 1053px\" class=\"vc_single_image-img attachment-full no-lazyload\" \/><\/div>\n\t\t<\/figure>\n\t<\/div>\n<\/div><\/div><\/div><div class=\"wpb_column vc_column_container vc_col-sm-8 vc_col-has-fill\"><div class=\"vc_column-inner vc_custom_1522818457652\"><div class=\"wpb_wrapper\"><h2 style=\"font-size: 35px;line-height: 45px;text-align: left\" class=\"vc_custom_heading\" >Miroslav Verikovkij Chef de projet<\/h2><p style=\"text-align: left\" class=\"vc_custom_heading vc_custom_1650623127455\" >TankSilo est le r\u00e9sultat d'une passion pour offrir les meilleures solutions de r\u00e9servoirs et de silos sur le march\u00e9. Nous sommes en passe de devenir les leaders mondiaux de l'assemblage, de la construction et de l'installation de silos et de r\u00e9servoirs, entre autres.<\/p><h4 style=\"font-size: 22px;line-height: 24px;text-align: left\" class=\"vc_custom_heading vc_custom_1522818349085\" >Pourquoi nous choisir ?<\/h4><p style=\"text-align: left\" class=\"vc_custom_heading vc_custom_1650623140466\" >L'objectif de notre soci\u00e9t\u00e9 est de s'assurer que vos solutions de r\u00e9servoirs et de silos apportent de la valeur \u00e0 votre entreprise pendant de nombreuses ann\u00e9es. Notre longue histoire a commenc\u00e9 par de petits projets, mais au fur et \u00e0 mesure que TankSilo s'est d\u00e9velopp\u00e9e, l'ampleur de notre ambition s'est accrue. \u00c0 ce jour, nous avons travaill\u00e9 sur des solutions de toutes formes et de toutes tailles, et nous sommes impatients de voir quels types de projets l'avenir nous r\u00e9serve.<\/p>\r<!-- radiantthemes-button -->\r<div class=\"radiantthemes-button hover-style-one\"  data-button-direction=\"left\" data-button-fullwidth=\"false\" ><a style=\"\" class=\"radiantthemes-button-main\" href=\"http:\/\/tanksilo.com\/projects\/\"  title=\"\" target=\"_self\"><div class=\"placeholder\">EXEMPLES DE PROJETS<\/div><\/a><\/div>\r<!-- radiantthemes-button -->\r<\/div><\/div><\/div><\/div><div class=\"vc_row wpb_row vc_row-fluid vc_custom_1648547423756 vc_row-o-equal-height vc_row-o-content-middle vc_row-flex\"><div class=\"wpb_column vc_column_container vc_col-sm-6 vc_col-has-fill\"><div class=\"vc_column-inner vc_custom_1649187330026\"><div class=\"wpb_wrapper\"><h2 style=\"font-size: 35px;line-height: 45px;text-align: left\" class=\"vc_custom_heading\" >Gestion de projet<\/h2><p style=\"text-align: left\" class=\"vc_custom_heading vc_custom_1650623166509\" >TankSilo offre une expertise professionnelle tout au long du processus, en veillant \u00e0 ce que vous ayez tous les outils n\u00e9cessaires pour prendre la bonne d\u00e9cision. Apr\u00e8s que vous nous ayez donn\u00e9 des instructions, nous suivons vos directives \u00e0 la lettre, en ex\u00e9cutant un montage qui r\u00e9pond exactement \u00e0 vos sp\u00e9cifications. Nous garantissons que tous les clients qui font appel \u00e0 nos services repartent satisfaits de la qualit\u00e9 de leurs solutions - c'est pourquoi ils continuent \u00e0 nous choisir \u00e0 nouveau.<\/p>\r<!-- radiantthemes-button -->\r<div class=\"radiantthemes-button hover-style-one\"  data-button-direction=\"left\" data-button-fullwidth=\"false\" ><a style=\"\" class=\"radiantthemes-button-main\" href=\"http:\/\/tanksilo.com\/services\/\"  title=\"\" target=\"_self\"><div class=\"placeholder\">NOS SERVICES<\/div><\/a><\/div>\r<!-- radiantthemes-button -->\r<\/div><\/div><\/div><div class=\"wpb_column vc_column_container vc_col-sm-6 vc_col-has-fill\"><div class=\"vc_column-inner vc_custom_1664536257209\"><div class=\"wpb_wrapper\">\n\t<div  class=\"wpb_single_image wpb_content_element vc_align_left  vc_custom_1664536130427  hidden-lg hidden-md hidden-sm visible-xs\">\n\t\t\n\t\t<figure class=\"wpb_wrapper vc_figure\">\n\t\t\t<div class=\"vc_single_image-wrapper   vc_box_border_grey\"><img width=\"1528\" height=\"1255\" src=\"https:\/\/tanksilo.com\/wp-content\/uploads\/2022\/09\/tanksilo_company7_new.jpg\"  alt=\"\" decoding=\"async\" title=\"tanksilo_company7_new\" srcset=\"https:\/\/tanksilo.com\/wp-content\/uploads\/2022\/09\/tanksilo_company7_new.jpg 1528w, https:\/\/tanksilo.com\/wp-content\/uploads\/2022\/09\/tanksilo_company7_new-300x246.jpg 300w, https:\/\/tanksilo.com\/wp-content\/uploads\/2022\/09\/tanksilo_company7_new-1024x841.jpg 1024w, https:\/\/tanksilo.com\/wp-content\/uploads\/2022\/09\/tanksilo_company7_new-768x631.jpg 768w, https:\/\/tanksilo.com\/wp-content\/uploads\/2022\/09\/tanksilo_company7_new-15x12.jpg 15w, https:\/\/tanksilo.com\/wp-content\/uploads\/2022\/09\/tanksilo_company7_new-500x411.jpg 500w, https:\/\/tanksilo.com\/wp-content\/uploads\/2022\/09\/tanksilo_company7_new-800x657.jpg 800w, https:\/\/tanksilo.com\/wp-content\/uploads\/2022\/09\/tanksilo_company7_new-1280x1051.jpg 1280w\" sizes=\"(max-width: 1528px) 100vw, 1528px\" class=\"vc_single_image-img attachment-full no-lazyload\" \/><\/div>\n\t\t<\/figure>\n\t<\/div>\n<\/div><\/div><\/div><\/div><section data-vc-full-width=\"true\" data-vc-full-width-init=\"false\" class=\"vc_section vc_custom_1522733940768 vc_section-has-fill\"><div class=\"vc_row wpb_row vc_row-fluid vc_custom_1522733950546\"><div class=\"after-border wpb_column vc_column_container vc_col-sm-4 vc_col-has-fill\"><div class=\"vc_column-inner vc_custom_1523014149361\"><div class=\"wpb_wrapper\"><p style=\"font-size: 48px;line-height: 40px;text-align: left\" class=\"vc_custom_heading font-weight-medium\" >103<\/p><p style=\"font-size: 18px;color: #000000;line-height: 30px;text-align: left\" class=\"vc_custom_heading font-bold vc_custom_1650881228611\" >Avec succ\u00e8s<\/p><p style=\"font-size: 18px;color: #161111;line-height: 26px;text-align: left\" class=\"vc_custom_heading vc_custom_1522734656241\" >Projets achev\u00e9s<\/p><\/div><\/div><\/div><div class=\"after-border wpb_column vc_column_container vc_col-sm-4 vc_col-has-fill\"><div class=\"vc_column-inner vc_custom_1523014167655\"><div class=\"wpb_wrapper\"><p style=\"font-size: 48px;line-height: 40px;text-align: left\" class=\"vc_custom_heading font-weight-medium\" >21<\/p><p style=\"font-size: 18px;color: #000000;line-height: 30px;text-align: left\" class=\"vc_custom_heading font-bold vc_custom_1650881236306\" >Pays<\/p><p style=\"font-size: 18px;color: #161111;line-height: 26px;text-align: left\" class=\"vc_custom_heading vc_custom_1522735606220\" >Autour du monde<\/p><\/div><\/div><\/div><div class=\"wpb_column vc_column_container vc_col-sm-4 vc_col-has-fill\"><div class=\"vc_column-inner vc_custom_1523014190208\"><div class=\"wpb_wrapper\"><p style=\"font-size: 48px;line-height: 40px;text-align: left\" class=\"vc_custom_heading font-weight-medium\" >14<\/p><p style=\"font-size: 18px;color: #000000;line-height: 30px;text-align: left\" class=\"vc_custom_heading font-bold vc_custom_1650881241732\" >Ann\u00e9es<\/p><p style=\"font-size: 18px;color: #161111;line-height: 26px;text-align: left\" class=\"vc_custom_heading vc_custom_1522735650331\" >De l'exp\u00e9rience<\/p><\/div><\/div><\/div><\/div><\/section><div class=\"vc_row-full-width vc_clearfix\"><\/div><div class=\"vc_row wpb_row vc_row-fluid wpb_animate_when_almost_visible wpb_slideInUp slideInUp vc_custom_1649172458433 vc_row-o-equal-height vc_row-flex\"><div class=\"wpb_column vc_column_container vc_col-sm-6\"><div class=\"vc_column-inner vc_custom_1522747353971\"><div class=\"wpb_wrapper\"><h2 style=\"font-size: 35px;line-height: 45px;text-align: left\" class=\"vc_custom_heading\" >Nous fournissons une solution<\/h2><p style=\"text-align: left\" class=\"vc_custom_heading vc_custom_1650623192461\" >TankSilo propose la construction, l'assemblage et l'installation de r\u00e9servoirs et de silos, et bien plus encore. Les membres de notre \u00e9quipe exp\u00e9riment\u00e9e sont pass\u00e9s ma\u00eetres dans l'art d'utiliser leurs forces sp\u00e9cifiques, garantissant ainsi que votre projet est achev\u00e9 de la bonne mani\u00e8re \u00e0 chaque fois.<\/p><h4 style=\"font-size: 22px;line-height: 24px;text-align: left\" class=\"vc_custom_heading vc_custom_1650623203243\" >Aide et soutien suppl\u00e9mentaires<\/h4><p style=\"text-align: left\" class=\"vc_custom_heading vc_custom_1650623216402\" >Quelle que soit l'\u00e9tape \u00e0 laquelle vous vous trouvez, vous aurez acc\u00e8s \u00e0 nos professionnels de premier plan. Ils vous guideront \u00e0 travers ce qui doit \u00eatre fait gr\u00e2ce \u00e0 leurs connaissances, leurs conseils et leurs d\u00e9cennies d'exp\u00e9rience dans l'assistance aux clients sur des projets de tous types.<\/p>\r<!-- radiantthemes-button -->\r<div class=\"radiantthemes-button hover-style-one\"  data-button-direction=\"left\" data-button-fullwidth=\"false\" ><a style=\"\" class=\"radiantthemes-button-main\" href=\"http:\/\/tanksilo.com\/contact\/\"  title=\"\" target=\"_self\"><div class=\"placeholder\">CONTACTEZ-NOUS<\/div><\/a><\/div>\r<!-- radiantthemes-button -->\r<\/div><\/div><\/div><div class=\"wpb_column vc_column_container vc_col-sm-6 vc_col-has-fill\"><div class=\"vc_column-inner vc_custom_1649173242964\"><div class=\"wpb_wrapper\"><div id=\"\" class=\"rt-popup-video element-one\" data-popup-video-align=\"center\"><div class=\"holder\"><div class=\"icon\"><a class=\"video-link\" href=\"https:\/\/youtu.be\/qR-W9Bg9m-k\"><img width=\"2108\" height=\"1564\" src=\"https:\/\/tanksilo.com\/wp-content\/uploads\/2022\/09\/tanksilo_company21_new.jpg\"  alt=\"\" decoding=\"async\" srcset=\"https:\/\/tanksilo.com\/wp-content\/uploads\/2022\/09\/tanksilo_company21_new.jpg 2108w, https:\/\/tanksilo.com\/wp-content\/uploads\/2022\/09\/tanksilo_company21_new-300x223.jpg 300w, https:\/\/tanksilo.com\/wp-content\/uploads\/2022\/09\/tanksilo_company21_new-1024x760.jpg 1024w, https:\/\/tanksilo.com\/wp-content\/uploads\/2022\/09\/tanksilo_company21_new-768x570.jpg 768w, https:\/\/tanksilo.com\/wp-content\/uploads\/2022\/09\/tanksilo_company21_new-1536x1140.jpg 1536w, https:\/\/tanksilo.com\/wp-content\/uploads\/2022\/09\/tanksilo_company21_new-2048x1519.jpg 2048w, https:\/\/tanksilo.com\/wp-content\/uploads\/2022\/09\/tanksilo_company21_new-16x12.jpg 16w, https:\/\/tanksilo.com\/wp-content\/uploads\/2022\/09\/tanksilo_company21_new-500x371.jpg 500w, https:\/\/tanksilo.com\/wp-content\/uploads\/2022\/09\/tanksilo_company21_new-800x594.jpg 800w, https:\/\/tanksilo.com\/wp-content\/uploads\/2022\/09\/tanksilo_company21_new-1280x950.jpg 1280w, https:\/\/tanksilo.com\/wp-content\/uploads\/2022\/09\/tanksilo_company21_new-1920x1425.jpg 1920w\" sizes=\"(max-width: 2108px) 100vw, 2108px\" class=\"attachment-full size-full no-lazyload\" \/><\/a><\/div><\/div><\/div><\/div><\/div><\/div><\/div>","protected":false},"excerpt":{"rendered":"La vision TankSilo Notre vision est simple : nous aspirons \u00e0 ce que nos solutions de r\u00e9servoirs et de silos am\u00e9liorent la fabrication et l'agriculture. Ces industries d\u00e9pendent de solutions fonctionnelles et de haute qualit\u00e9 qui fonctionnent dans le pr\u00e9sent et qui durent dans le futur. La fiabilit\u00e9 de nos projets permet aux entreprises de se d\u00e9velopper, et chez TankSilo, nous nous effor\u00e7ons [...]","protected":false},"author":1,"featured_media":0,"parent":0,"menu_order":0,"comment_status":"closed","ping_status":"closed","template":"","meta":{"_vp_format_video_url":"","_vp_image_focal_point":[]},"_links":{"self":[{"href":"https:\/\/tanksilo.com\/fr\/wp-json\/wp\/v2\/pages\/2631"}],"collection":[{"href":"https:\/\/tanksilo.com\/fr\/wp-json\/wp\/v2\/pages"}],"about":[{"href":"https:\/\/tanksilo.com\/fr\/wp-json\/wp\/v2\/types\/page"}],"author":[{"embeddable":true,"href":"https:\/\/tanksilo.com\/fr\/wp-json\/wp\/v2\/users\/1"}],"replies":[{"embeddable":true,"href":"https:\/\/tanksilo.com\/fr\/wp-json\/wp\/v2\/comments?post=2631"}],"version-history":[{"count":101,"href":"https:\/\/tanksilo.com\/fr\/wp-json\/wp\/v2\/pages\/2631\/revisions"}],"predecessor-version":[{"id":5138,"href":"https:\/\/tanksilo.com\/fr\/wp-json\/wp\/v2\/pages\/2631\/revisions\/5138"}],"wp:attachment":[{"href":"https:\/\/tanksilo.com\/fr\/wp-json\/wp\/v2\/media?parent=2631"}],"curies":[{"name":"wp","href":"https:\/\/api.w.org\/{rel}","templated":true}]}}