{"id":1020,"date":"2021-03-21T12:02:15","date_gmt":"2021-03-21T12:02:15","guid":{"rendered":"https:\/\/brixel.radiantthemes.com\/?page_id=1020"},"modified":"2023-02-27T09:11:35","modified_gmt":"2023-02-27T09:11:35","slug":"career","status":"publish","type":"page","link":"https:\/\/tanksilo.com\/lt\/career\/","title":{"rendered":"Karjera \"TankSilo"},"content":{"rendered":"<div data-vc-full-width=\"true\" data-vc-full-width-init=\"false\" class=\"vc_row wpb_row vc_row-fluid vc_custom_1650969019894 vc_row-has-fill\"><div class=\"wpb_column vc_column_container vc_col-sm-12\"><div class=\"vc_column-inner vc_custom_1650969087888\"><div class=\"wpb_wrapper\"><h1 style=\"font-size: 35px;line-height: 45px;text-align: center\" class=\"vc_custom_heading font-weight-bold\" >M\u016bs\u0173 komanda yra did\u017eiausias m\u016bs\u0173 turtas (\u0161iuo metu nesamdomi darbuotojai)<\/h1><\/div><\/div><\/div><\/div><div class=\"vc_row-full-width vc_clearfix\"><\/div><div data-vc-full-width=\"true\" data-vc-full-width-init=\"false\" class=\"vc_row wpb_row vc_row-fluid vc_custom_1650969036317\"><div class=\"wpb_column vc_column_container vc_col-sm-6\"><div class=\"vc_column-inner vc_custom_1650969202865\"><div class=\"wpb_wrapper\"><div style=\"font-size: 16px;color: #171c30;line-height: 28PX;text-align: left\" class=\"vc_custom_heading font-weight-medium vc_custom_1648563041898\" >\u0160iuo metu laisvos darbo vietos \"TankSilo\" bendrov\u0117je<\/div>\n\t<div class=\"wpb_text_column wpb_content_element\" >\n\t\t<div class=\"wpb_wrapper\">\n\t\t\t<p>Jei svajojate tapti talp\u0173 ir siloso bok\u0161t\u0173 montavimo ir \u012frengimo rinkos lyderi\u0173 komandos nariu, kvie\u010diame prisijungti prie m\u016bs\u0173. Si\u016blome darbo vietas \u012fvairi\u0173 lygi\u0173 ekspertams. Informacija apie laisvas darbo vietas ir detal\u016bs reikalavimai kiekvienai pozicijai pateikti toliau.<\/p>\n<p>&nbsp;<\/p>\n<p>- Sraigtini\u0173 rezervuar\u0173 ir bunkeri\u0173 surinkimo \u012fgulos narys (\u0161iuo metu ne\u012fdarbinamas)<\/p>\n<p>- Rezervuar\u0173 ir silosini\u0173 statini\u0173 statybos darb\u0173 vadovas (\u0161iuo metu ne\u012fdarbinamas)<\/p>\n<p>- Statyb\u0173 aik\u0161tel\u0117s pagalbinis darbininkas (\u0161iuo metu ne\u012fdarbinamas)<\/p>\n\n\t\t<\/div>\n\t<\/div>\n<\/div><\/div><\/div><div class=\"wpb_column vc_column_container vc_col-sm-6\"><div class=\"vc_column-inner vc_custom_1650626374698\"><div class=\"wpb_wrapper\"><div id=\"\" class=\"rt-popup-video element-one\" data-popup-video-align=\"center\"><div class=\"holder\"><div class=\"icon\"><a class=\"video-link\" href=\"https:\/\/youtu.be\/i_ouIEEdyu0\"><img width=\"1536\" height=\"1103\" src=\"https:\/\/tanksilo.com\/wp-content\/uploads\/2022\/04\/tanksilo_image228-1.jpg\"  alt=\"\" decoding=\"async\" srcset=\"https:\/\/tanksilo.com\/wp-content\/uploads\/2022\/04\/tanksilo_image228-1.jpg 1536w, https:\/\/tanksilo.com\/wp-content\/uploads\/2022\/04\/tanksilo_image228-1-300x215.jpg 300w, https:\/\/tanksilo.com\/wp-content\/uploads\/2022\/04\/tanksilo_image228-1-1024x735.jpg 1024w, https:\/\/tanksilo.com\/wp-content\/uploads\/2022\/04\/tanksilo_image228-1-768x552.jpg 768w, https:\/\/tanksilo.com\/wp-content\/uploads\/2022\/04\/tanksilo_image228-1-500x359.jpg 500w, https:\/\/tanksilo.com\/wp-content\/uploads\/2022\/04\/tanksilo_image228-1-800x574.jpg 800w, https:\/\/tanksilo.com\/wp-content\/uploads\/2022\/04\/tanksilo_image228-1-1280x919.jpg 1280w, https:\/\/tanksilo.com\/wp-content\/uploads\/2022\/04\/tanksilo_image228-1-600x431.jpg 600w\" sizes=\"(max-width: 1536px) 100vw, 1536px\" class=\"attachment-full size-full no-lazyload\" \/><\/a><\/div><\/div><\/div><\/div><\/div><\/div><\/div><div class=\"vc_row-full-width vc_clearfix\"><\/div><div data-vc-full-width=\"true\" data-vc-full-width-init=\"false\" class=\"vc_row wpb_row vc_row-fluid vc_custom_1650626317768 vc_row-has-fill\"><div class=\"wpb_column vc_column_container vc_col-sm-12\"><div class=\"vc_column-inner vc_custom_1647469941970\"><div class=\"wpb_wrapper\"><h1 style=\"font-size: 35px;line-height: 45px;text-align: left\" class=\"vc_custom_heading font-weight-bold vc_custom_1648562318683\" >Darb\u0173 sauga<\/h1><div style=\"font-size: 18px;line-height: 28px;text-align: left\" class=\"vc_custom_heading font-weight-bold vc_custom_1650626014245\" >Darbuotoj\u0173 sauga ir sveikata mums yra nepaprastai svarbi. Talp\u0173 ir siloso bok\u0161t\u0173 montavimas ir \u012frengimas yra sud\u0117tingas procesas, tod\u0117l visada u\u017etikriname, kad b\u016bt\u0173 laikomasi vis\u0173 \u012fmanom\u0173 atsargumo priemoni\u0173. Visi m\u016bs\u0173 darbuotojai yra apdrausti ir apmokyti, suvokia darb\u0173 saugos reik\u0161m\u0119.<\/div>\n\t<div class=\"wpb_text_column wpb_content_element  vc_custom_1650626023819\" >\n\t\t<div class=\"wpb_wrapper\">\n\t\t\t<p>\u201eTankSilo\u201c darbuotoj\u0173 brigados yra ne tik itin darb\u0161\u010dios ir patyrusios, bet ir gali pasigirti auk\u0161ta kvalifikacija. Kiekvienas \u012fgytas sertifikatas sustiprina darbuotoj\u0173 \u012fg\u016bd\u017eius statant, montuojant ir \u012frengiant talpas ir siloso bok\u0161tus. \u201eTankSilo\u201c u\u017etikrina skaidrum\u0105 per viso projekto laikotarpiu, kadangi sertifikatai laisvai prieinami klientams. Dabartin\u0117s profesin\u0117s auk\u0161tumos \u2013 m\u016bs\u0173 nuoseklaus darbo rezultatas, tod\u0117l did\u017eiuojam\u0117s gal\u0117dami pademonstruoti tai \u012frodan\u010dius sertifikatus.<\/p>\n\n\t\t<\/div>\n\t<\/div>\n<div class=\"vc_row wpb_row vc_inner vc_row-fluid vc_custom_1647940736549\"><div class=\"wpb_column vc_column_container vc_col-sm-6\"><div class=\"vc_column-inner vc_custom_1650634894609\"><div class=\"wpb_wrapper\"><div id=\"\" class=\"rt-popup-video element-one\" data-popup-video-align=\"center\"><div class=\"holder\"><div class=\"icon\"><a class=\"video-link\" href=\"https:\/\/youtu.be\/xtCcOrIUOrg\"><img width=\"1788\" height=\"1284\" src=\"https:\/\/tanksilo.com\/wp-content\/uploads\/2022\/03\/tanksilo_image43.jpg\"  alt=\"\" decoding=\"async\" srcset=\"https:\/\/tanksilo.com\/wp-content\/uploads\/2022\/03\/tanksilo_image43.jpg 1788w, https:\/\/tanksilo.com\/wp-content\/uploads\/2022\/03\/tanksilo_image43-300x215.jpg 300w, https:\/\/tanksilo.com\/wp-content\/uploads\/2022\/03\/tanksilo_image43-1024x735.jpg 1024w, https:\/\/tanksilo.com\/wp-content\/uploads\/2022\/03\/tanksilo_image43-768x552.jpg 768w, https:\/\/tanksilo.com\/wp-content\/uploads\/2022\/03\/tanksilo_image43-1536x1103.jpg 1536w, https:\/\/tanksilo.com\/wp-content\/uploads\/2022\/03\/tanksilo_image43-600x431.jpg 600w\" sizes=\"(max-width: 1788px) 100vw, 1788px\" class=\"attachment-full size-full no-lazyload\" \/><\/a><\/div><\/div><\/div><\/div><\/div><\/div><div class=\"wpb_column vc_column_container vc_col-sm-6\"><div class=\"vc_column-inner vc_custom_1648563603724\"><div class=\"wpb_wrapper\">\n\t<div class=\"wpb_text_column wpb_content_element\" >\n\t\t<div class=\"wpb_wrapper\">\n\t\t\t<p>Nors did\u017eiuojam\u0117s did\u017eiule profesine m\u016bs\u0173 specialist\u0173 patirtimi, ta\u010diau negalime u\u017emigti ant laur\u0173. Tod\u0117l nuolat giliname \u017einias ir tobuliname \u012fg\u016bd\u017eius mokymuose, siekiame sertifikuotis naujose srityse ir vystyti veikl\u0105. Toliau pateikiami m\u016bs\u0173 darbuotoj\u0173 \u012fgyti sertifikatai liudija j\u0173 aistr\u0105 tobul\u0117ti ir naudotis naujausiais pramon\u0117s standartais.<\/p>\n\n\t\t<\/div>\n\t<\/div>\n\r<!-- list -->\r<div class=\"rt-list rtcbcb94ae-dccb-7 element-five    vc_custom_1648563521881\" ><p>\n<ul>\n<li>Darbuotoj\u0173 saugos ir sveikatos sertifikatai<\/li>\n<li>Auk\u0161talipio darb\u0173 vykdymo pa\u017eym\u0117jimai<\/li>\n<li>Sertifikuoti k\u0117limo platform\u0173 operatoriai<\/li>\n<li>Kompetencija dirbti su kroviniu transportu<\/li>\n<li>Sertifikuoti pastoli\u0173 montuotojai<\/li>\n<li>Teis\u0117s vairuoti krautuv\u0105<\/li>\n<\/ul>\n<\/p><\/div>\r<!-- list -->\r<\/div><\/div><\/div><\/div><\/div><\/div><\/div><\/div><div class=\"vc_row-full-width vc_clearfix\"><\/div><div data-vc-full-width=\"true\" data-vc-full-width-init=\"false\" data-vc-stretch-content=\"true\" data-vc-parallax=\"2.0\" data-vc-parallax-image=\"https:\/\/www.youtube.com\/watch?v=wb5s2VpzwF4\" class=\"vc_row wpb_row vc_row-fluid vc_custom_1648564019375 vc_row-has-fill vc_row-no-padding vc_video-bg-container vc_general vc_parallax vc_parallax-content-moving\"><div class=\"wpb_column vc_column_container vc_col-sm-6 vc_col-lg-3 vc_col-md-3 vc_col-xs-12 vc_col-has-fill\"><div class=\"vc_column-inner vc_custom_1648564099860\"><div class=\"wpb_wrapper\"><div class=\"vc_icon_element vc_icon_element-outer vc_custom_1649445957725 vc_icon_element-align-center\"><div class=\"vc_icon_element-inner vc_icon_element-color-white vc_icon_element-size-lg vc_icon_element-style- vc_icon_element-background-color-grey\" ><span class=\"vc_icon_element-icon vc-oi vc-oi-cog\" ><\/span><\/div><\/div><div style=\"text-align:center;font-size:45px;line-height:45px;color:#ffffff;\" class=\"rt-counterup element-one\"  data-counterup-delay=\"100\" data-counterup-time=\"1000\">14<\/div><h3 style=\"font-size: 16px;color: #ffffff;line-height: 30px;text-align: center\" class=\"vc_custom_heading vc_custom_1648565078186\" >ILGAMET\u0116 PATIRTIS<\/h3><\/div><\/div><\/div><div class=\"wpb_column vc_column_container vc_col-sm-6 vc_col-lg-3 vc_col-md-3 vc_col-xs-12 vc_col-has-fill\"><div class=\"vc_column-inner vc_custom_1522480197697\"><div class=\"wpb_wrapper\"><div class=\"vc_icon_element vc_icon_element-outer vc_custom_1649446100815 vc_icon_element-align-center\"><div class=\"vc_icon_element-inner vc_icon_element-color-white vc_icon_element-size-lg vc_icon_element-style- vc_icon_element-background-color-grey\" ><span class=\"vc_icon_element-icon vc-oi vc-oi-ok\" ><\/span><\/div><\/div><div style=\"text-align:center;font-size:45px;line-height:45px;color:#ffffff;\" class=\"rt-counterup element-one\"  data-counterup-delay=\"100\" data-counterup-time=\"1000\">103<\/div><h3 style=\"font-size: 16px;color: #ffffff;line-height: 30px;text-align: center\" class=\"vc_custom_heading vc_custom_1648565118510\" >U\u017dBAIGTI PROJEKTAI<\/h3><\/div><\/div><\/div><div class=\"wpb_column vc_column_container vc_col-sm-6 vc_col-lg-3 vc_col-md-3 vc_col-xs-12 vc_col-has-fill\"><div class=\"vc_column-inner vc_custom_1522480209971\"><div class=\"wpb_wrapper\"><div class=\"vc_icon_element vc_icon_element-outer vc_custom_1649446200363 vc_icon_element-align-center\"><div class=\"vc_icon_element-inner vc_icon_element-color-white vc_icon_element-size-lg vc_icon_element-style- vc_icon_element-background-color-grey\" ><span class=\"vc_icon_element-icon vc-oi vc-oi-wrench\" ><\/span><\/div><\/div><div style=\"text-align:center;font-size:45px;line-height:45px;color:#ffffff;\" class=\"rt-counterup element-one\"  data-counterup-delay=\"100\" data-counterup-time=\"1000\">7<\/div><h3 style=\"font-size: 16px;color: #ffffff;line-height: 30px;text-align: center\" class=\"vc_custom_heading vc_custom_1648565156816\" >SURINK\u0116J\u0172 KOMANDOS<\/h3><\/div><\/div><\/div><div class=\"wpb_column vc_column_container vc_col-sm-6 vc_col-lg-3 vc_col-md-3 vc_col-xs-12 vc_col-has-fill\"><div class=\"vc_column-inner vc_custom_1522480221764\"><div class=\"wpb_wrapper\"><div class=\"vc_icon_element vc_icon_element-outer vc_custom_1649446168737 vc_icon_element-align-center\"><div class=\"vc_icon_element-inner vc_icon_element-color-white vc_icon_element-size-lg vc_icon_element-style- vc_icon_element-background-color-grey\" ><span class=\"vc_icon_element-icon vc-oi vc-oi-location\" ><\/span><\/div><\/div><div style=\"text-align:center;font-size:45px;line-height:45px;color:#ffffff;\" class=\"rt-counterup element-one\"  data-counterup-delay=\"100\" data-counterup-time=\"1000\">21<\/div><h3 style=\"font-size: 16px;color: #ffffff;line-height: 30px;text-align: center\" class=\"vc_custom_heading vc_custom_1648564426775\" >\u0160ALYS<\/h3><\/div><\/div><\/div><\/div><div class=\"vc_row-full-width vc_clearfix\"><\/div><div class=\"vc_row wpb_row vc_row-fluid vc_custom_1647940898548\"><div class=\"wpb_column vc_column_container vc_col-sm-12\"><div class=\"vc_column-inner\"><div class=\"wpb_wrapper\"><div class=\"vc_row wpb_row vc_inner vc_row-fluid\"><div class=\"wpb_column vc_column_container vc_col-sm-12\"><div class=\"vc_column-inner\"><div class=\"wpb_wrapper\"><h1 style=\"font-size: 35px;line-height: 45px;text-align: center\" class=\"vc_custom_heading font-weight-bold vc_custom_1649877666438\" >TankSilo\u201c D.U.K.<\/h1><\/div><\/div><\/div><\/div><div class=\"rt-accordion element-six\"  ><div class=\"rt-accordion-item\"><div class=\"rt-accordion-item-title\"><h4 class=\"panel-title\">Kokie yra \u201eTankSilo\u201c veiklos prioritetai?<\/h4><div class=\"rt-accordion-item-title-icon\"><div class=\"symbol\"><\/div><\/div><\/div><div class=\"rt-accordion-item-body\">\u201eTankSilo\u201c specializuojasi atsinaujinan\u010dios energijos gamintoj\u0173 projektuose, \u012frengia aplinkai draugi\u0161kas talpas ir siloso bok\u0161tus \u017eem\u0117s \u016bkio reikm\u0117ms, talpas biodujoms, siloso bok\u0161tus d\u017eiovinimui ir sand\u0117liavimui. \u201eTankSilo\u201c montavimo ir statyb\u0173 procesai vystomi atsi\u017evelgiant \u012f tvarumo id\u0117jas, stengiamasi kuo labiau suma\u017einti poveik\u012f aplinkai.<\/div><\/div><div class=\"rt-accordion-item\"><div class=\"rt-accordion-item-title\"><h4 class=\"panel-title\">Ar \u201eTankSilo\u201c teikia patikrinimo paslaug\u0105?<\/h4><div class=\"rt-accordion-item-title-icon\"><div class=\"symbol\"><\/div><\/div><\/div><div class=\"rt-accordion-item-body\">Trumpai tariant \u2013 taip. Kai m\u016bs\u0173 specialistai atvyksta \u012f statybos viet\u0105, jie i\u0161 karto \u012fvertina objekto b\u016bkl\u0119 ir ie\u0161ko geriausio problem\u0173 sprendimo b\u016bdo. Laimingi klientai \u2013 m\u016bs\u0173 veiklos prioritetas, tod\u0117l visos paslaugos nuo statybos iki renovacijos ir patikrinimo teikiamos u\u017etikrinant, kad klientas liks patenkintas gauta paslauga.<\/div><\/div><div class=\"rt-accordion-item\"><div class=\"rt-accordion-item-title\"><h4 class=\"panel-title\">Ar \u201eTankSilo\u201c yra \u012fdiegti ISO standartai?<\/h4><div class=\"rt-accordion-item-title-icon\"><div class=\"symbol\"><\/div><\/div><\/div><div class=\"rt-accordion-item-body\">Nuolatos tobuliname veiklos procesus, tod\u0117l ISO sertifikatai naudojami visuose bendrov\u0117s skyriuose. Taip gauname dvigubos naudos \u2013 padedame augti m\u016bs\u0173 verslui ir u\u017etikriname visokeriop\u0105 m\u016bs\u0173 klient\u0173 poreiki\u0173 i\u0161pildym\u0105. M\u016bs\u0173 montavimo brigados dirba tiksliai laikydamosi technini\u0173 standart\u0173 ir gali pagelb\u0117ti klientams nepaklysti statybos, montavimo ir \u012frengimo subtilybi\u0173 labirintuose.<\/div><\/div><div class=\"rt-accordion-item\"><div class=\"rt-accordion-item-title\"><h4 class=\"panel-title\">Kokios yra i\u0161skirtin\u0117s \u201eTankSilo\u201c statyb\u0173 komandos stipryb\u0117s?<\/h4><div class=\"rt-accordion-item-title-icon\"><div class=\"symbol\"><\/div><\/div><\/div><div class=\"rt-accordion-item-body\">\u201eTankSilo\u201c specialist\u0173 \u017einios ir kvalifikacija, papildyta pa\u017eangiausiais \u012frankiais ir technologijomis, pad\u0117s kiekvienam klientui rasti pat\u012f geriausi\u0105 sprendim\u0105. Ta\u010diau svarbiausias m\u016bs\u0173 bruo\u017eas yra galimyb\u0117 pritaikyti \u0161iuos \u012fg\u016bd\u017eius bet kuriame pasaulio ta\u0161ke, kadangi esame susipa\u017ein\u0119 su daugelio \u0161ali\u0173 darbo specifika ir s\u0105lygomis.<\/div><\/div><div class=\"rt-accordion-item\"><div class=\"rt-accordion-item-title\"><h4 class=\"panel-title\">Ar \u201eTankSilo\u201c atlieka bandymus ir suteikia garantij\u0105?<\/h4><div class=\"rt-accordion-item-title-icon\"><div class=\"symbol\"><\/div><\/div><\/div><div class=\"rt-accordion-item-body\">\n<div class=\"page\" title=\"Puslapis 5\">\n<div class=\"section\">\n<div class=\"layoutArea\">\n<div class=\"column\">\n<p>Montuojant talpas svarbu darbus atlikti precizi\u0161kai ir laikytis technologini\u0173 reikalavim\u0173, kitaip nebus galima testuoti talpos sandarumo. Mes tai puikiai suprantame, tod\u0117l darb\u0173 \u012fgyvendinimo procese svarbiausia yra kokyb\u0117. Galime did\u017eiuotis tuo, kad visi m\u016bs\u0173 statiniai nuo pat savo veiklos prad\u017eios 2008 metais s\u0117kmingai i\u0161laik\u0117 visus kokyb\u0117s testus. Visada laikom\u0117s u\u017esibr\u0117\u017et\u0173 standart\u0173.<\/p>\n<\/div>\n<\/div>\n<\/div>\n<\/div>\n<\/div><\/div><\/div><\/div><\/div><\/div><\/div>","protected":false},"excerpt":{"rendered":"M\u016bs\u0173 komanda yra did\u017eiausias m\u016bs\u0173 turtas (\u0161iuo metu nesamdomi darbuotojai)Dabartin\u0117s laisvos darbo vietos bendrov\u0117je \"TankSilo\" Prisijunkite prie m\u016bs\u0173: Jei siekiate prisijungti prie lyderiaujan\u010dios pramon\u0117je komandos, u\u017esiiman\u010dios rezervuar\u0173 ir silosini\u0173 montavimu ir statyba, si\u016blome darbo vietas \u012fvairaus lygio specialistams. Toliau pateiktame laisv\u0173 darbo viet\u0173 s\u0105ra\u0161e rasite daugiau informacijos apie tai, kokias [...]","protected":false},"author":1,"featured_media":0,"parent":0,"menu_order":0,"comment_status":"closed","ping_status":"closed","template":"","meta":{"_vp_format_video_url":"","_vp_image_focal_point":[]},"_links":{"self":[{"href":"https:\/\/tanksilo.com\/lt\/wp-json\/wp\/v2\/pages\/1020"}],"collection":[{"href":"https:\/\/tanksilo.com\/lt\/wp-json\/wp\/v2\/pages"}],"about":[{"href":"https:\/\/tanksilo.com\/lt\/wp-json\/wp\/v2\/types\/page"}],"author":[{"embeddable":true,"href":"https:\/\/tanksilo.com\/lt\/wp-json\/wp\/v2\/users\/1"}],"replies":[{"embeddable":true,"href":"https:\/\/tanksilo.com\/lt\/wp-json\/wp\/v2\/comments?post=1020"}],"version-history":[{"count":60,"href":"https:\/\/tanksilo.com\/lt\/wp-json\/wp\/v2\/pages\/1020\/revisions"}],"predecessor-version":[{"id":5149,"href":"https:\/\/tanksilo.com\/lt\/wp-json\/wp\/v2\/pages\/1020\/revisions\/5149"}],"wp:attachment":[{"href":"https:\/\/tanksilo.com\/lt\/wp-json\/wp\/v2\/media?parent=1020"}],"curies":[{"name":"wp","href":"https:\/\/api.w.org\/{rel}","templated":true}]}}