{"id":2631,"date":"2021-04-06T11:02:27","date_gmt":"2021-04-06T11:02:27","guid":{"rendered":"https:\/\/brixel.radiantthemes.com\/?page_id=2631"},"modified":"2022-09-30T11:19:01","modified_gmt":"2022-09-30T11:19:01","slug":"company","status":"publish","type":"page","link":"https:\/\/tanksilo.com\/lt\/company\/","title":{"rendered":"Bendrov\u0117 \"TankSilo"},"content":{"rendered":"<div class=\"vc_row wpb_row vc_row-fluid vc_custom_1650484471241 vc_column-gap-10\"><div class=\"wpb_column vc_column_container vc_col-sm-12 vc_col-has-fill\"><div class=\"vc_column-inner vc_custom_1522754688404\"><div class=\"wpb_wrapper\"><h1 style=\"font-size: 35px;text-align: center\" class=\"vc_custom_heading vc_custom_1650973389080\" >\"TankSilo\" vizija<\/h1>\n\t<div class=\"wpb_text_column wpb_content_element\" >\n\t\t<div class=\"wpb_wrapper\">\n\t\t\t<p style=\"text-align: center;\">Siekiame, kad m\u016bs\u0173 talp\u0173 ir siloso bok\u0161t\u0173 sprendiniai pad\u0117t\u0173 tobul\u0117ti gamybos ir \u017eem\u0117s \u016bkio pramon\u0117s \u0161akoms. \u0160iose srityse itin svarb\u016bs kokybi\u0161ki ir funkcional\u016bs sprendiniai, atitinkantys ne tik \u0161iandienos poreikius, bet naudingi ir ilgalaik\u0117je perspektyvoje. M\u016bs\u0173 \u012fgyvendint\u0173 projekt\u0173 patikimumas leid\u017eia augti ne tik klient\u0173 verslui, bet ir \u201eTankSilo\u201c. Kryptingai siekiant \u0161ios vizijos \u012fgyvendinimo, m\u016bs\u0173 komand\u0105 sudaro tik auk\u0161\u010diausios kvalifikacijos, kruop\u0161\u010diai atrinkti profesionalai. \u0160is d\u0117mesys personalo kokybei nesibaigia pasira\u0161ius darbo sutart\u012f. Nuolatos u\u017etikriname darbuotoj\u0173 mokymosi galimybes, kadangi jiems tobul\u0117jant kyla ir j\u0173 teikiam\u0173 paslaug\u0173 kokyb\u0117s kartel\u0117. Planavimas ir strategija:\nAnalogi\u0161ki kokyb\u0117s principai taikomi vykdant plieno ir aliuminio \u017ealiav\u0173 bei montavimo detali\u0173 ir \u012frangos tiek\u0117j\u0173 atrank\u0105, kuri leid\u017eia pateikti rinkai gaminius, atitinkan\u010dius pa\u010dius auk\u0161\u010diausius standartus. Naujos tendencijos:\nNuolat besikei\u010dian\u010diame verslo pasaulyje svarbu neatsilikti nuo naujovi\u0173 ir kryptingai siekti \u012fgyvendinti savo vizij\u0105. D\u0117l to m\u016bs\u0173 specialistai yra nuolat mokomi dirbti pagal moderniausius metodus ir pritaiko pa\u017eangiausias technologijas.<\/p>\n\n\t\t<\/div>\n\t<\/div>\n<\/div><\/div><\/div><\/div><div class=\"vc_row wpb_row vc_row-fluid vc_custom_1648547423756 vc_row-o-equal-height vc_row-o-content-middle vc_row-flex\"><div class=\"wpb_column vc_column_container vc_col-sm-6 vc_col-has-fill\"><div class=\"vc_column-inner vc_custom_1662414268506\"><div class=\"wpb_wrapper\">\n\t<div  class=\"wpb_single_image wpb_content_element vc_align_left  vc_custom_1662414254030  hidden-lg hidden-md hidden-sm visible-xs\">\n\t\t\n\t\t<figure class=\"wpb_wrapper vc_figure\">\n\t\t\t<div class=\"vc_single_image-wrapper   vc_box_border_grey\"><img width=\"1782\" height=\"1295\" src=\"https:\/\/tanksilo.com\/wp-content\/uploads\/2022\/09\/tanksilo_company16upd.jpg\"  alt=\"\" decoding=\"async\" title=\"tanksilo_company16upd\" srcset=\"https:\/\/tanksilo.com\/wp-content\/uploads\/2022\/09\/tanksilo_company16upd.jpg 1782w, https:\/\/tanksilo.com\/wp-content\/uploads\/2022\/09\/tanksilo_company16upd-300x218.jpg 300w, https:\/\/tanksilo.com\/wp-content\/uploads\/2022\/09\/tanksilo_company16upd-1024x744.jpg 1024w, https:\/\/tanksilo.com\/wp-content\/uploads\/2022\/09\/tanksilo_company16upd-768x558.jpg 768w, https:\/\/tanksilo.com\/wp-content\/uploads\/2022\/09\/tanksilo_company16upd-1536x1116.jpg 1536w, https:\/\/tanksilo.com\/wp-content\/uploads\/2022\/09\/tanksilo_company16upd-18x12.jpg 18w, https:\/\/tanksilo.com\/wp-content\/uploads\/2022\/09\/tanksilo_company16upd-500x363.jpg 500w, https:\/\/tanksilo.com\/wp-content\/uploads\/2022\/09\/tanksilo_company16upd-800x581.jpg 800w, https:\/\/tanksilo.com\/wp-content\/uploads\/2022\/09\/tanksilo_company16upd-1280x930.jpg 1280w\" sizes=\"(max-width: 1782px) 100vw, 1782px\" class=\"vc_single_image-img attachment-full no-lazyload\" \/><\/div>\n\t\t<\/figure>\n\t<\/div>\n<\/div><\/div><\/div><div class=\"wpb_column vc_column_container vc_col-sm-6 vc_col-has-fill\"><div class=\"vc_column-inner vc_custom_1648546399315\"><div class=\"wpb_wrapper\"><h2 style=\"font-size: 35px;line-height: 45px;text-align: left\" class=\"vc_custom_heading\" >Gytis Keru\u0161auskas<br \/>\n\u012fk\u016br\u0117jas ir CEO<\/h2><p style=\"text-align: left\" class=\"vc_custom_heading vc_custom_1650623044724\" >Talp\u0173 ir siloso bok\u0161t\u0173 montavimo srityje dirbu nuo 2008 met\u0173. Mano pirma patirtis buvo pagalbininko. Ta\u010diau \u012fgij\u0119s patirties buvau greitai paauk\u0161tintas ir nuo to laiko dirbau visais lygmenimis: pagalbininko, montuotojo, komandos vadovo ir, galiausiai, darb\u0173 vadovo. Toliau vadovauta projektams, tada ir gim\u0117 \u201eTankSilo\u201c. Siekdamas karjeros dirbau daugelyje \u0161ali\u0173, kuriose susipa\u017einau su skirtingomis technologijomis. Visada malonu pasidalyti \u0161ia patirtimi su naujais klientais ir pad\u0117ti rasti tinkamiausi\u0105 sprendim\u0105 kiekvienam unikaliam projektui.<\/p>\r<!-- radiantthemes-button -->\r<div class=\"radiantthemes-button hover-style-one\"  data-button-direction=\"left\" data-button-fullwidth=\"false\" ><a style=\"\" class=\"radiantthemes-button-main\" href=\"http:\/\/tanksilo.com\/services\/\"  title=\"\" target=\"_self\"><div class=\"placeholder\">M\u016aS\u0172 PASLAUGOS<\/div><\/a><\/div>\r<!-- radiantthemes-button -->\r<\/div><\/div><\/div><\/div><div class=\"vc_row wpb_row vc_row-fluid vc_custom_1522816034812 vc_row-o-equal-height vc_row-o-content-middle vc_row-flex\"><div class=\"wpb_column vc_column_container vc_col-sm-6 vc_col-has-fill\"><div class=\"vc_column-inner vc_custom_1522816514976\"><div class=\"wpb_wrapper\"><h2 style=\"font-size: 35px;line-height: 45px;text-align: left\" class=\"vc_custom_heading\" >M\u016bs\u0173 komanda yra<br \/>\nDid\u017eiausias m\u016bs\u0173 turtas<\/h2><div class=\"vc_row wpb_row vc_inner vc_row-fluid hover-icon vc_custom_1522819181239\"><div class=\"wpb_column vc_column_container vc_col-sm-2\"><div class=\"vc_column-inner\"><div class=\"wpb_wrapper\">\n\t<div  class=\"wpb_single_image wpb_content_element vc_align_left  vc_custom_1651133315934\">\n\t\t\n\t\t<figure class=\"wpb_wrapper vc_figure\">\n\t\t\t<div class=\"vc_single_image-wrapper   vc_box_border_grey\"><img width=\"62\" height=\"46\" src=\"https:\/\/tanksilo.com\/wp-content\/uploads\/2022\/04\/tanksilo_icon7.png\"  alt=\"\" decoding=\"async\" title=\"tanksilo_icon7\" class=\"vc_single_image-img attachment-full no-lazyload\" \/><\/div>\n\t\t<\/figure>\n\t<\/div>\n<\/div><\/div><\/div><div class=\"wpb_column vc_column_container vc_col-sm-10\"><div class=\"vc_column-inner\"><div class=\"wpb_wrapper\"><h6 style=\"font-size: 18px;line-height: 23px;text-align: left\" class=\"vc_custom_heading\" >D\u0117mesys detal\u0117ms<\/h6><p style=\"text-align: left\" class=\"vc_custom_heading vc_custom_1650623063521\" >Savo darbe laikom\u0117s auk\u0161\u010diausi\u0173 kokyb\u0117s reikalavim\u0173 ir atkreipiame d\u0117mes\u012f \u012f ma\u017eiausias smulkmenas nepriklausomai nuo vykdomo projekto apimties. M\u016bs\u0173 ekspertai jus lyd\u0117s nuo pirmojo susitikimo iki projekto pridavimo ir u\u017etikrins, kad kiekviena u\u017eduotis atliekama savo srities profesional\u0173.<\/p><\/div><\/div><\/div><\/div><div class=\"vc_row wpb_row vc_inner vc_row-fluid hover-icon vc_custom_1522819195542\"><div class=\"wpb_column vc_column_container vc_col-sm-2\"><div class=\"vc_column-inner\"><div class=\"wpb_wrapper\">\n\t<div  class=\"wpb_single_image wpb_content_element vc_align_left  vc_custom_1651133331138\">\n\t\t\n\t\t<figure class=\"wpb_wrapper vc_figure\">\n\t\t\t<div class=\"vc_single_image-wrapper   vc_box_border_grey\"><img width=\"62\" height=\"46\" src=\"https:\/\/tanksilo.com\/wp-content\/uploads\/2022\/04\/tanksilo_icon8.png\"  alt=\"\" decoding=\"async\" title=\"tanksilo_icon8\" class=\"vc_single_image-img attachment-full no-lazyload\" \/><\/div>\n\t\t<\/figure>\n\t<\/div>\n<\/div><\/div><\/div><div class=\"wpb_column vc_column_container vc_col-sm-10\"><div class=\"vc_column-inner\"><div class=\"wpb_wrapper\"><h6 style=\"font-size: 18px;line-height: 23px;text-align: left\" class=\"vc_custom_heading\" >Kiekvieno projekto kokyb\u0117<\/h6><p style=\"text-align: left\" class=\"vc_custom_heading vc_custom_1650623085971\" >M\u016bs\u0173 montavimo ir \u012frengimo brigados ry\u017etingai, profesionaliai ir efektyviai susidoroja su visais projekto \u012fgyvendinimo aspektais.<\/p><\/div><\/div><\/div><\/div><div class=\"vc_row wpb_row vc_inner vc_row-fluid hover-icon vc_custom_1522819209311\"><div class=\"wpb_column vc_column_container vc_col-sm-2\"><div class=\"vc_column-inner\"><div class=\"wpb_wrapper\">\n\t<div  class=\"wpb_single_image wpb_content_element vc_align_left  vc_custom_1651133436839\">\n\t\t\n\t\t<figure class=\"wpb_wrapper vc_figure\">\n\t\t\t<div class=\"vc_single_image-wrapper   vc_box_border_grey\"><img width=\"62\" height=\"46\" src=\"https:\/\/tanksilo.com\/wp-content\/uploads\/2022\/04\/tanksilo_icon10.png\"  alt=\"\" decoding=\"async\" title=\"tanksilo_icon10\" class=\"vc_single_image-img attachment-full no-lazyload\" \/><\/div>\n\t\t<\/figure>\n\t<\/div>\n<\/div><\/div><\/div><div class=\"wpb_column vc_column_container vc_col-sm-10\"><div class=\"vc_column-inner\"><div class=\"wpb_wrapper\"><h6 style=\"font-size: 18px;line-height: 23px;text-align: left\" class=\"vc_custom_heading\" >Patyr\u0119 profesionalai<\/h6><p style=\"text-align: left\" class=\"vc_custom_heading vc_custom_1650623108669\" >Vieni geriausi\u0173 savo srities specialist\u0173 pri\u017ei\u016bri kiekvieno mums patik\u0117to pramonin\u0117s ar komercin\u0117s paskirties projekto etapo eig\u0105.<\/p><\/div><\/div><\/div><\/div><\/div><\/div><\/div><div class=\"wpb_column vc_column_container vc_col-sm-6 vc_col-has-fill\"><div class=\"vc_column-inner vc_custom_1662414852487\"><div class=\"wpb_wrapper\"><\/div><\/div><\/div><\/div><div class=\"vc_row wpb_row vc_row-fluid vc_custom_1522816034812 vc_row-o-equal-height vc_row-o-content-middle vc_row-flex\"><div class=\"wpb_column vc_column_container vc_col-sm-4 vc_col-has-fill\"><div class=\"vc_column-inner vc_custom_1649152383325\"><div class=\"wpb_wrapper\">\n\t<div  class=\"wpb_single_image wpb_content_element vc_align_left  vc_custom_1649152371357  hidden-lg hidden-md hidden-sm visible-xs\">\n\t\t\n\t\t<figure class=\"wpb_wrapper vc_figure\">\n\t\t\t<div class=\"vc_single_image-wrapper   vc_box_border_grey\"><img width=\"1053\" height=\"1353\" src=\"https:\/\/tanksilo.com\/wp-content\/uploads\/2022\/04\/tanksilo_company3.jpg\"  alt=\"\" decoding=\"async\" title=\"tanksilo_company3\" srcset=\"https:\/\/tanksilo.com\/wp-content\/uploads\/2022\/04\/tanksilo_company3.jpg 1053w, https:\/\/tanksilo.com\/wp-content\/uploads\/2022\/04\/tanksilo_company3-233x300.jpg 233w, https:\/\/tanksilo.com\/wp-content\/uploads\/2022\/04\/tanksilo_company3-797x1024.jpg 797w, https:\/\/tanksilo.com\/wp-content\/uploads\/2022\/04\/tanksilo_company3-768x987.jpg 768w, https:\/\/tanksilo.com\/wp-content\/uploads\/2022\/04\/tanksilo_company3-600x771.jpg 600w\" sizes=\"(max-width: 1053px) 100vw, 1053px\" class=\"vc_single_image-img attachment-full no-lazyload\" \/><\/div>\n\t\t<\/figure>\n\t<\/div>\n<\/div><\/div><\/div><div class=\"wpb_column vc_column_container vc_col-sm-8 vc_col-has-fill\"><div class=\"vc_column-inner vc_custom_1522818457652\"><div class=\"wpb_wrapper\"><h2 style=\"font-size: 35px;line-height: 45px;text-align: left\" class=\"vc_custom_heading\" >Miroslav Verikovkij projekt\u0173 vadovas<\/h2><p style=\"text-align: left\" class=\"vc_custom_heading vc_custom_1650623127455\" >\u201eTankSilo\u201c gim\u0117 i\u0161 did\u017eiulio noro rinkai pasi\u016blyti geriausias talpas ir siloso bok\u0161tus. Gerokai pasist\u016bm\u0117jome link u\u017esibr\u0117\u017eto tikslo siekdami tapti talp\u0173 ir siloso bok\u0161t\u0173 montavimo, statybos ir \u012frengimo paslaug\u0173 lyderiais pasaulin\u0117je rinkoje.<\/p><h4 style=\"font-size: 22px;line-height: 24px;text-align: left\" class=\"vc_custom_heading vc_custom_1522818349085\" >Kod\u0117l verta rinktis mus ?<\/h4><p style=\"text-align: left\" class=\"vc_custom_heading vc_custom_1650623140466\" >\u201eTankSilo\u201c gim\u0117 i\u0161 did\u017eiulio noro rinkai pasi\u016blyti geriausias talpas ir siloso bok\u0161tus. Gerokai pasist\u016bm\u0117jome link u\u017esibr\u0117\u017eto tikslo siekdami tapti talp\u0173 ir siloso bok\u0161t\u0173 montavimo, statybos ir \u012frengimo paslaug\u0173 lyderiais pasaulin\u0117je rinkoje.<\/p>\r<!-- radiantthemes-button -->\r<div class=\"radiantthemes-button hover-style-one\"  data-button-direction=\"left\" data-button-fullwidth=\"false\" ><a style=\"\" class=\"radiantthemes-button-main\" href=\"http:\/\/tanksilo.com\/projects\/\"  title=\"\" target=\"_self\"><div class=\"placeholder\">PROJEKT\u0172 PAVYZD\u017dIAI<\/div><\/a><\/div>\r<!-- radiantthemes-button -->\r<\/div><\/div><\/div><\/div><div class=\"vc_row wpb_row vc_row-fluid vc_custom_1648547423756 vc_row-o-equal-height vc_row-o-content-middle vc_row-flex\"><div class=\"wpb_column vc_column_container vc_col-sm-6 vc_col-has-fill\"><div class=\"vc_column-inner vc_custom_1649187330026\"><div class=\"wpb_wrapper\"><h2 style=\"font-size: 35px;line-height: 45px;text-align: left\" class=\"vc_custom_heading\" >Projekt\u0173 valdymas<\/h2><p style=\"text-align: left\" class=\"vc_custom_heading vc_custom_1650623166509\" >\u201eTankSilo\u201c si\u016blomos profesionalios paslaugos suteikia klientams visas priemones, kuri\u0173 reikia norint s\u0117kmingai \u012fgyvendinti projekt\u0105. I\u0161klausome ir pritariame klient\u0173 nurodymams iki ma\u017eiausi\u0173 smulkmen\u0173, kliento poreiki\u0173 i\u0161pildym\u0105 u\u017etikriname \u0161imtu procent\u0173. Kiekvieno kliento pasitenkinimas gautomis paslaugomis \u2013 tai m\u016bs\u0173 garantija, d\u0117l kurios klientai pas mus nuolat sugr\u012f\u017eta.<\/p>\r<!-- radiantthemes-button -->\r<div class=\"radiantthemes-button hover-style-one\"  data-button-direction=\"left\" data-button-fullwidth=\"false\" ><a style=\"\" class=\"radiantthemes-button-main\" href=\"http:\/\/tanksilo.com\/services\/\"  title=\"\" target=\"_self\"><div class=\"placeholder\">M\u016aS\u0172 PASLAUGOS<\/div><\/a><\/div>\r<!-- radiantthemes-button -->\r<\/div><\/div><\/div><div class=\"wpb_column vc_column_container vc_col-sm-6 vc_col-has-fill\"><div class=\"vc_column-inner vc_custom_1664536257209\"><div class=\"wpb_wrapper\">\n\t<div  class=\"wpb_single_image wpb_content_element vc_align_left  vc_custom_1664536130427  hidden-lg hidden-md hidden-sm visible-xs\">\n\t\t\n\t\t<figure class=\"wpb_wrapper vc_figure\">\n\t\t\t<div class=\"vc_single_image-wrapper   vc_box_border_grey\"><img width=\"1528\" height=\"1255\" src=\"https:\/\/tanksilo.com\/wp-content\/uploads\/2022\/09\/tanksilo_company7_new.jpg\"  alt=\"\" decoding=\"async\" title=\"tanksilo_company7_new\" srcset=\"https:\/\/tanksilo.com\/wp-content\/uploads\/2022\/09\/tanksilo_company7_new.jpg 1528w, https:\/\/tanksilo.com\/wp-content\/uploads\/2022\/09\/tanksilo_company7_new-300x246.jpg 300w, https:\/\/tanksilo.com\/wp-content\/uploads\/2022\/09\/tanksilo_company7_new-1024x841.jpg 1024w, https:\/\/tanksilo.com\/wp-content\/uploads\/2022\/09\/tanksilo_company7_new-768x631.jpg 768w, https:\/\/tanksilo.com\/wp-content\/uploads\/2022\/09\/tanksilo_company7_new-15x12.jpg 15w, https:\/\/tanksilo.com\/wp-content\/uploads\/2022\/09\/tanksilo_company7_new-500x411.jpg 500w, https:\/\/tanksilo.com\/wp-content\/uploads\/2022\/09\/tanksilo_company7_new-800x657.jpg 800w, https:\/\/tanksilo.com\/wp-content\/uploads\/2022\/09\/tanksilo_company7_new-1280x1051.jpg 1280w\" sizes=\"(max-width: 1528px) 100vw, 1528px\" class=\"vc_single_image-img attachment-full no-lazyload\" \/><\/div>\n\t\t<\/figure>\n\t<\/div>\n<\/div><\/div><\/div><\/div><section data-vc-full-width=\"true\" data-vc-full-width-init=\"false\" class=\"vc_section vc_custom_1522733940768 vc_section-has-fill\"><div class=\"vc_row wpb_row vc_row-fluid vc_custom_1522733950546\"><div class=\"after-border wpb_column vc_column_container vc_col-sm-4 vc_col-has-fill\"><div class=\"vc_column-inner vc_custom_1523014149361\"><div class=\"wpb_wrapper\"><p style=\"font-size: 48px;line-height: 40px;text-align: left\" class=\"vc_custom_heading font-weight-medium\" >103<\/p><p style=\"font-size: 18px;color: #000000;line-height: 30px;text-align: left\" class=\"vc_custom_heading font-bold vc_custom_1650881228611\" >S\u0117kmingai<\/p><p style=\"font-size: 18px;color: #161111;line-height: 26px;text-align: left\" class=\"vc_custom_heading vc_custom_1522734656241\" >\u012egyvendinti projektai<\/p><\/div><\/div><\/div><div class=\"after-border wpb_column vc_column_container vc_col-sm-4 vc_col-has-fill\"><div class=\"vc_column-inner vc_custom_1523014167655\"><div class=\"wpb_wrapper\"><p style=\"font-size: 48px;line-height: 40px;text-align: left\" class=\"vc_custom_heading font-weight-medium\" >21<\/p><p style=\"font-size: 18px;color: #000000;line-height: 30px;text-align: left\" class=\"vc_custom_heading font-bold vc_custom_1650881236306\" >\u0160alys kuriose<\/p><p style=\"font-size: 18px;color: #161111;line-height: 26px;text-align: left\" class=\"vc_custom_heading vc_custom_1522735606220\" >dirbome<\/p><\/div><\/div><\/div><div class=\"wpb_column vc_column_container vc_col-sm-4 vc_col-has-fill\"><div class=\"vc_column-inner vc_custom_1523014190208\"><div class=\"wpb_wrapper\"><p style=\"font-size: 48px;line-height: 40px;text-align: left\" class=\"vc_custom_heading font-weight-medium\" >14<\/p><p style=\"font-size: 18px;color: #000000;line-height: 30px;text-align: left\" class=\"vc_custom_heading font-bold vc_custom_1650881241732\" >Met\u0173<\/p><p style=\"font-size: 18px;color: #161111;line-height: 26px;text-align: left\" class=\"vc_custom_heading vc_custom_1522735650331\" >patirties<\/p><\/div><\/div><\/div><\/div><\/section><div class=\"vc_row-full-width vc_clearfix\"><\/div><div class=\"vc_row wpb_row vc_row-fluid wpb_animate_when_almost_visible wpb_slideInUp slideInUp vc_custom_1649172458433 vc_row-o-equal-height vc_row-flex\"><div class=\"wpb_column vc_column_container vc_col-sm-6\"><div class=\"vc_column-inner vc_custom_1522747353971\"><div class=\"wpb_wrapper\"><h2 style=\"font-size: 35px;line-height: 45px;text-align: left\" class=\"vc_custom_heading\" >Sprendimai, tarnaujantys Jums<\/h2><p style=\"text-align: left\" class=\"vc_custom_heading vc_custom_1650623192461\" >\u201eTankSilo\u201c teikia talp\u0173 ir silos\u0173 statybos, montavimo, \u012frengimo ir kt. paslaugas. M\u016bs\u0173 komandos specialistai \u2013 savo srities profesionalai, puikiai i\u0161manantys savo amato subtilybes, tad b\u016bkite tikri, kad \u012fgyvendintas projektas jums ilgai tarnaus.<\/p><h4 style=\"font-size: 22px;line-height: 24px;text-align: left\" class=\"vc_custom_heading vc_custom_1650623203243\" >Papildoma pagalba ir patarimai<\/h4><p style=\"text-align: left\" class=\"vc_custom_heading vc_custom_1650623216402\" >Pasirinkus \u201eTankSilo\u201c, geriausi \u0161ios rinkos profesionalai jus lyd\u0117s visose projekto stadijose. M\u016bs\u0173 ekspert\u0173 \u017einios ir de\u0161imtme\u010diais kaupta patirtis pad\u0117s jums \u012fveikti i\u0161\u0161\u016bkius ir pasiekti pat\u012f geriausi\u0105 rezultat\u0105.<\/p>\r<!-- radiantthemes-button -->\r<div class=\"radiantthemes-button hover-style-one\"  data-button-direction=\"left\" data-button-fullwidth=\"false\" ><a style=\"\" class=\"radiantthemes-button-main\" href=\"http:\/\/tanksilo.com\/contact\/\"  title=\"\" target=\"_self\"><div class=\"placeholder\">SUSISIEKITE SU MUMIS<\/div><\/a><\/div>\r<!-- radiantthemes-button -->\r<\/div><\/div><\/div><div class=\"wpb_column vc_column_container vc_col-sm-6 vc_col-has-fill\"><div class=\"vc_column-inner vc_custom_1649173242964\"><div class=\"wpb_wrapper\"><div id=\"\" class=\"rt-popup-video element-one\" data-popup-video-align=\"center\"><div class=\"holder\"><div class=\"icon\"><a class=\"video-link\" href=\"https:\/\/youtu.be\/qR-W9Bg9m-k\"><img width=\"2108\" height=\"1564\" src=\"https:\/\/tanksilo.com\/wp-content\/uploads\/2022\/09\/tanksilo_company21_new.jpg\"  alt=\"\" decoding=\"async\" srcset=\"https:\/\/tanksilo.com\/wp-content\/uploads\/2022\/09\/tanksilo_company21_new.jpg 2108w, https:\/\/tanksilo.com\/wp-content\/uploads\/2022\/09\/tanksilo_company21_new-300x223.jpg 300w, https:\/\/tanksilo.com\/wp-content\/uploads\/2022\/09\/tanksilo_company21_new-1024x760.jpg 1024w, https:\/\/tanksilo.com\/wp-content\/uploads\/2022\/09\/tanksilo_company21_new-768x570.jpg 768w, https:\/\/tanksilo.com\/wp-content\/uploads\/2022\/09\/tanksilo_company21_new-1536x1140.jpg 1536w, https:\/\/tanksilo.com\/wp-content\/uploads\/2022\/09\/tanksilo_company21_new-2048x1519.jpg 2048w, https:\/\/tanksilo.com\/wp-content\/uploads\/2022\/09\/tanksilo_company21_new-16x12.jpg 16w, https:\/\/tanksilo.com\/wp-content\/uploads\/2022\/09\/tanksilo_company21_new-500x371.jpg 500w, https:\/\/tanksilo.com\/wp-content\/uploads\/2022\/09\/tanksilo_company21_new-800x594.jpg 800w, https:\/\/tanksilo.com\/wp-content\/uploads\/2022\/09\/tanksilo_company21_new-1280x950.jpg 1280w, https:\/\/tanksilo.com\/wp-content\/uploads\/2022\/09\/tanksilo_company21_new-1920x1425.jpg 1920w\" sizes=\"(max-width: 2108px) 100vw, 2108px\" class=\"attachment-full size-full no-lazyload\" \/><\/a><\/div><\/div><\/div><\/div><\/div><\/div><\/div>","protected":false},"excerpt":{"rendered":"\"TankSilo\" vizija M\u016bs\u0173 vizija paprasta: siekiame, kad m\u016bs\u0173 cistern\u0173 ir silosini\u0173 sprendimai pagerint\u0173 gamyb\u0105 ir \u017eem\u0117s \u016bk\u012f. \u0160ios pramon\u0117s \u0161akos priklauso nuo funkcionali\u0173, auk\u0161tos kokyb\u0117s sprendim\u0173, kurie veikia \u0161iuo metu ir i\u0161liks ateityje. M\u016bs\u0173 projekt\u0173 patikimumas leid\u017eia \u012fmon\u0117ms augti, o mes, \"TankSilo\", stengiam\u0117s, kad jos [...]","protected":false},"author":1,"featured_media":0,"parent":0,"menu_order":0,"comment_status":"closed","ping_status":"closed","template":"","meta":{"_vp_format_video_url":"","_vp_image_focal_point":[]},"_links":{"self":[{"href":"https:\/\/tanksilo.com\/lt\/wp-json\/wp\/v2\/pages\/2631"}],"collection":[{"href":"https:\/\/tanksilo.com\/lt\/wp-json\/wp\/v2\/pages"}],"about":[{"href":"https:\/\/tanksilo.com\/lt\/wp-json\/wp\/v2\/types\/page"}],"author":[{"embeddable":true,"href":"https:\/\/tanksilo.com\/lt\/wp-json\/wp\/v2\/users\/1"}],"replies":[{"embeddable":true,"href":"https:\/\/tanksilo.com\/lt\/wp-json\/wp\/v2\/comments?post=2631"}],"version-history":[{"count":101,"href":"https:\/\/tanksilo.com\/lt\/wp-json\/wp\/v2\/pages\/2631\/revisions"}],"predecessor-version":[{"id":5138,"href":"https:\/\/tanksilo.com\/lt\/wp-json\/wp\/v2\/pages\/2631\/revisions\/5138"}],"wp:attachment":[{"href":"https:\/\/tanksilo.com\/lt\/wp-json\/wp\/v2\/media?parent=2631"}],"curies":[{"name":"wp","href":"https:\/\/api.w.org\/{rel}","templated":true}]}}